{"id":57837,"date":"2026-01-30T15:22:16","date_gmt":"2026-01-30T18:22:16","guid":{"rendered":"https:\/\/institutoicm.com.br\/ensino\/?post_type=product&#038;p=57837"},"modified":"2026-04-06T12:29:08","modified_gmt":"2026-04-06T15:29:08","slug":"curso-de-bateria","status":"publish","type":"product","link":"https:\/\/institutoicm.com.br\/ensino\/product\/curso-de-bateria\/","title":{"rendered":"Curso de Bateria"},"content":{"rendered":"<p>O curso tem como objetivo promover o desenvolvimento t\u00e9cnico e musical do baterista, compreendendo a bateria n\u00e3o apenas como instrumento r\u00edtmico, mas como um meio de servi\u00e7o e edifica\u00e7\u00e3o do Corpo. Ao longo das aulas, ser\u00e3o abordados aspectos fundamentais como:<br \/>\n&#8211; T\u00e9cnica e controle do instrumento;<br \/>\n&#8211;\u00a0 Linguagem musical aplicada ao louvor da igreja;<br \/>\n&#8211;\u00a0 No\u00e7\u00f5es de harmonia e din\u00e2mica musical;<br \/>\n&#8211;\u00a0 Princ\u00edpios espirituais como rever\u00eancia, temor e sensibilidade \u00e0 dire\u00e7\u00e3o do Esp\u00edrito Santo,essenciais para uma atua\u00e7\u00e3o alinhada \u00e0 doutrina e \u00e0 pr\u00e1tica do louvor.<\/p>\n","protected":false},"excerpt":{"rendered":"<p>O curso tem como objetivo promover o desenvolvimento t\u00e9cnico e musical do baterista, compreendendo a bateria n\u00e3o apenas como instrumento r\u00edtmico, mas como um meio de servi\u00e7o e edifica\u00e7\u00e3o do Corpo. Ao longo das aulas, ser\u00e3o abordados aspectos fundamentais como:<br \/>\n&#8211; T\u00e9cnica e controle do instrumento;<br \/>\n&#8211;\u00a0 Linguagem musical aplicada ao louvor da igreja;<br \/>\n&#8211;\u00a0 No\u00e7\u00f5es de harmonia e din\u00e2mica musical;<br \/>\n&#8211;\u00a0 Princ\u00edpios espirituais como rever\u00eancia, temor e sensibilidade \u00e0 dire\u00e7\u00e3o do Esp\u00edrito Santo,essenciais para uma atua\u00e7\u00e3o alinhada \u00e0 doutrina e \u00e0 pr\u00e1tica do louvor.<\/p>\n","protected":false},"featured_media":57737,"comment_status":"open","ping_status":"closed","template":"","meta":[],"product_brand":[],"product_cat":[91],"product_tag":[136,106,101,107,105,104],"class_list":{"0":"post-57837","1":"product","2":"type-product","3":"status-publish","4":"has-post-thumbnail","6":"product_cat-diversos","7":"product_tag-bateria","8":"product_tag-ead","9":"product_tag-ensino","10":"product_tag-ibicm","11":"product_tag-icm","12":"product_tag-maranata","14":"first","15":"outofstock","16":"virtual","17":"sold-individually","18":"purchasable","19":"product-type-simple"},"_links":{"self":[{"href":"https:\/\/institutoicm.com.br\/ensino\/wp-json\/wp\/v2\/product\/57837","targetHints":{"allow":["GET"]}}],"collection":[{"href":"https:\/\/institutoicm.com.br\/ensino\/wp-json\/wp\/v2\/product"}],"about":[{"href":"https:\/\/institutoicm.com.br\/ensino\/wp-json\/wp\/v2\/types\/product"}],"replies":[{"embeddable":true,"href":"https:\/\/institutoicm.com.br\/ensino\/wp-json\/wp\/v2\/comments?post=57837"}],"version-history":[{"count":1,"href":"https:\/\/institutoicm.com.br\/ensino\/wp-json\/wp\/v2\/product\/57837\/revisions"}],"predecessor-version":[{"id":60535,"href":"https:\/\/institutoicm.com.br\/ensino\/wp-json\/wp\/v2\/product\/57837\/revisions\/60535"}],"wp:featuredmedia":[{"embeddable":true,"href":"https:\/\/institutoicm.com.br\/ensino\/wp-json\/wp\/v2\/media\/57737"}],"wp:attachment":[{"href":"https:\/\/institutoicm.com.br\/ensino\/wp-json\/wp\/v2\/media?parent=57837"}],"wp:term":[{"taxonomy":"product_brand","embeddable":true,"href":"https:\/\/institutoicm.com.br\/ensino\/wp-json\/wp\/v2\/product_brand?post=57837"},{"taxonomy":"product_cat","embeddable":true,"href":"https:\/\/institutoicm.com.br\/ensino\/wp-json\/wp\/v2\/product_cat?post=57837"},{"taxonomy":"product_tag","embeddable":true,"href":"https:\/\/institutoicm.com.br\/ensino\/wp-json\/wp\/v2\/product_tag?post=57837"}],"curies":[{"name":"wp","href":"https:\/\/api.w.org\/{rel}","templated":true}]}}