{"id":57682,"date":"2026-01-20T16:28:02","date_gmt":"2026-01-20T19:28:02","guid":{"rendered":"https:\/\/institutoicm.com.br\/ensino\/?post_type=product&#038;p=57682"},"modified":"2026-04-06T12:30:09","modified_gmt":"2026-04-06T15:30:09","slug":"o-livro-de-ester","status":"publish","type":"product","link":"https:\/\/institutoicm.com.br\/ensino\/product\/o-livro-de-ester\/","title":{"rendered":"O Livro de Ester"},"content":{"rendered":"<p>Bem-vindo ao curso de Ester. Ester compreende uma das mais lindas hist\u00f3rias b\u00edblicas.\u00a0Ester viveu no tempo do rei Assuero, um rei persa. Neste curso voc\u00ea ver\u00e1 a hist\u00f3ria da rainha Ester e a forma pela qual Deus a usou como instrumento para dar livramento ao povo de Israel.<\/p>\n<p>Neste curso voc\u00ea conhecer\u00e1 as profecias que iriam marcar a caminhada da igreja fiel rumo \u00e0 eternidade.<\/p>\n","protected":false},"excerpt":{"rendered":"<p>Ester compreende uma das mais lindas hist\u00f3rias b\u00edblicas. Ela viveu no tempo do rei Assuero, um rei persa, e sua trajet\u00f3ria revela como Deus a usou como instrumento para dar livramento ao povo de Israel. Neste curso, voc\u00ea explorar\u00e1 a narrativa da rainha Ester e tamb\u00e9m examinar\u00e1 as profecias que marcam a caminhada da igreja fiel rumo \u00e0 eternidade.<\/p>\n","protected":false},"featured_media":57645,"comment_status":"open","ping_status":"closed","template":"","meta":[],"product_brand":[],"product_cat":[91],"product_tag":[106,135,105,104],"class_list":{"0":"post-57682","1":"product","2":"type-product","3":"status-publish","4":"has-post-thumbnail","6":"product_cat-diversos","7":"product_tag-ead","8":"product_tag-ester","9":"product_tag-icm","10":"product_tag-maranata","12":"first","13":"outofstock","14":"virtual","15":"sold-individually","16":"purchasable","17":"product-type-simple"},"_links":{"self":[{"href":"https:\/\/institutoicm.com.br\/ensino\/wp-json\/wp\/v2\/product\/57682","targetHints":{"allow":["GET"]}}],"collection":[{"href":"https:\/\/institutoicm.com.br\/ensino\/wp-json\/wp\/v2\/product"}],"about":[{"href":"https:\/\/institutoicm.com.br\/ensino\/wp-json\/wp\/v2\/types\/product"}],"replies":[{"embeddable":true,"href":"https:\/\/institutoicm.com.br\/ensino\/wp-json\/wp\/v2\/comments?post=57682"}],"version-history":[{"count":2,"href":"https:\/\/institutoicm.com.br\/ensino\/wp-json\/wp\/v2\/product\/57682\/revisions"}],"predecessor-version":[{"id":60536,"href":"https:\/\/institutoicm.com.br\/ensino\/wp-json\/wp\/v2\/product\/57682\/revisions\/60536"}],"wp:featuredmedia":[{"embeddable":true,"href":"https:\/\/institutoicm.com.br\/ensino\/wp-json\/wp\/v2\/media\/57645"}],"wp:attachment":[{"href":"https:\/\/institutoicm.com.br\/ensino\/wp-json\/wp\/v2\/media?parent=57682"}],"wp:term":[{"taxonomy":"product_brand","embeddable":true,"href":"https:\/\/institutoicm.com.br\/ensino\/wp-json\/wp\/v2\/product_brand?post=57682"},{"taxonomy":"product_cat","embeddable":true,"href":"https:\/\/institutoicm.com.br\/ensino\/wp-json\/wp\/v2\/product_cat?post=57682"},{"taxonomy":"product_tag","embeddable":true,"href":"https:\/\/institutoicm.com.br\/ensino\/wp-json\/wp\/v2\/product_tag?post=57682"}],"curies":[{"name":"wp","href":"https:\/\/api.w.org\/{rel}","templated":true}]}}