{"id":49795,"date":"2025-01-06T08:33:53","date_gmt":"2025-01-06T11:33:53","guid":{"rendered":"https:\/\/institutoicm.com.br\/ensino\/?post_type=product&#038;p=49795"},"modified":"2026-04-06T12:30:24","modified_gmt":"2026-04-06T15:30:24","slug":"graca-e-fe-modulo-v","status":"publish","type":"product","link":"https:\/\/institutoicm.com.br\/ensino\/product\/graca-e-fe-modulo-v\/","title":{"rendered":"Gra\u00e7a e F\u00e9 &#8211; M\u00f3dulo V"},"content":{"rendered":"<p>Este curso compreende o quarto m\u00f3dulo do novo Curso de Doutrinas B\u00edblicas do Instituto B\u00edblico da Igreja Crist\u00e3 Maranata. As doutrinas estabelecidas pelo Esp\u00edrito Santo para a Igreja Corpo de Cristo s\u00e3o apresentadas\u00a0neste\u00a0curso.<\/p>\n","protected":false},"excerpt":{"rendered":"<p>Este curso compreende o quarto m\u00f3dulo do novo Curso de Doutrinas B\u00edblicas do Instituto B\u00edblico da Igreja Crist\u00e3 Maranata. As doutrinas estabelecidas pelo Esp\u00edrito Santo para a Igreja Corpo de Cristo s\u00e3o apresentadas\u00a0neste\u00a0curso.<\/p>\n","protected":false},"featured_media":49796,"comment_status":"open","ping_status":"closed","template":"","meta":[],"product_brand":[],"product_cat":[69],"product_tag":[],"class_list":{"0":"post-49795","1":"product","2":"type-product","3":"status-publish","4":"has-post-thumbnail","6":"product_cat-ead","8":"first","9":"outofstock","10":"virtual","11":"sold-individually","12":"purchasable","13":"product-type-simple"},"_links":{"self":[{"href":"https:\/\/institutoicm.com.br\/ensino\/wp-json\/wp\/v2\/product\/49795","targetHints":{"allow":["GET"]}}],"collection":[{"href":"https:\/\/institutoicm.com.br\/ensino\/wp-json\/wp\/v2\/product"}],"about":[{"href":"https:\/\/institutoicm.com.br\/ensino\/wp-json\/wp\/v2\/types\/product"}],"replies":[{"embeddable":true,"href":"https:\/\/institutoicm.com.br\/ensino\/wp-json\/wp\/v2\/comments?post=49795"}],"version-history":[{"count":1,"href":"https:\/\/institutoicm.com.br\/ensino\/wp-json\/wp\/v2\/product\/49795\/revisions"}],"predecessor-version":[{"id":60537,"href":"https:\/\/institutoicm.com.br\/ensino\/wp-json\/wp\/v2\/product\/49795\/revisions\/60537"}],"wp:featuredmedia":[{"embeddable":true,"href":"https:\/\/institutoicm.com.br\/ensino\/wp-json\/wp\/v2\/media\/49796"}],"wp:attachment":[{"href":"https:\/\/institutoicm.com.br\/ensino\/wp-json\/wp\/v2\/media?parent=49795"}],"wp:term":[{"taxonomy":"product_brand","embeddable":true,"href":"https:\/\/institutoicm.com.br\/ensino\/wp-json\/wp\/v2\/product_brand?post=49795"},{"taxonomy":"product_cat","embeddable":true,"href":"https:\/\/institutoicm.com.br\/ensino\/wp-json\/wp\/v2\/product_cat?post=49795"},{"taxonomy":"product_tag","embeddable":true,"href":"https:\/\/institutoicm.com.br\/ensino\/wp-json\/wp\/v2\/product_tag?post=49795"}],"curies":[{"name":"wp","href":"https:\/\/api.w.org\/{rel}","templated":true}]}}