{"id":48812,"date":"2024-10-24T15:50:08","date_gmt":"2024-10-24T18:50:08","guid":{"rendered":"https:\/\/institutoicm.com.br\/ensino\/?post_type=product&#038;p=48812"},"modified":"2026-04-06T12:30:33","modified_gmt":"2026-04-06T15:30:33","slug":"curso-salvacao-ato-e-processo-modulo-4","status":"publish","type":"product","link":"https:\/\/institutoicm.com.br\/ensino\/product\/curso-salvacao-ato-e-processo-modulo-4\/","title":{"rendered":"Salva\u00e7\u00e3o, ato e processo &#8211; Modulo IV"},"content":{"rendered":"<p>Este curso compreende o quarto m\u00f3dulo do novo Curso de Doutrinas B\u00edblicas do Instituto B\u00edblico da Igreja Crist\u00e3 Maranata. As doutrinas estabelecidas pelo Esp\u00edrito Santo para a Igreja Corpo de Cristo s\u00e3o apresentadas\u00a0neste\u00a0curso.<\/p>\n","protected":false},"excerpt":{"rendered":"<p>Este curso compreende o quarto m\u00f3dulo do novo Curso de Doutrinas B\u00edblicas do Instituto B\u00edblico da Igreja Crist\u00e3 Maranata. As doutrinas estabelecidas pelo Esp\u00edrito Santo para a Igreja Corpo de Cristo s\u00e3o apresentadas\u00a0neste\u00a0curso.<\/p>\n","protected":false},"featured_media":48814,"comment_status":"open","ping_status":"closed","template":"","meta":[],"product_brand":[],"product_cat":[69],"product_tag":[],"class_list":{"0":"post-48812","1":"product","2":"type-product","3":"status-publish","4":"has-post-thumbnail","6":"product_cat-ead","8":"first","9":"outofstock","10":"virtual","11":"sold-individually","12":"purchasable","13":"product-type-simple"},"_links":{"self":[{"href":"https:\/\/institutoicm.com.br\/ensino\/wp-json\/wp\/v2\/product\/48812","targetHints":{"allow":["GET"]}}],"collection":[{"href":"https:\/\/institutoicm.com.br\/ensino\/wp-json\/wp\/v2\/product"}],"about":[{"href":"https:\/\/institutoicm.com.br\/ensino\/wp-json\/wp\/v2\/types\/product"}],"replies":[{"embeddable":true,"href":"https:\/\/institutoicm.com.br\/ensino\/wp-json\/wp\/v2\/comments?post=48812"}],"version-history":[{"count":1,"href":"https:\/\/institutoicm.com.br\/ensino\/wp-json\/wp\/v2\/product\/48812\/revisions"}],"predecessor-version":[{"id":60538,"href":"https:\/\/institutoicm.com.br\/ensino\/wp-json\/wp\/v2\/product\/48812\/revisions\/60538"}],"wp:featuredmedia":[{"embeddable":true,"href":"https:\/\/institutoicm.com.br\/ensino\/wp-json\/wp\/v2\/media\/48814"}],"wp:attachment":[{"href":"https:\/\/institutoicm.com.br\/ensino\/wp-json\/wp\/v2\/media?parent=48812"}],"wp:term":[{"taxonomy":"product_brand","embeddable":true,"href":"https:\/\/institutoicm.com.br\/ensino\/wp-json\/wp\/v2\/product_brand?post=48812"},{"taxonomy":"product_cat","embeddable":true,"href":"https:\/\/institutoicm.com.br\/ensino\/wp-json\/wp\/v2\/product_cat?post=48812"},{"taxonomy":"product_tag","embeddable":true,"href":"https:\/\/institutoicm.com.br\/ensino\/wp-json\/wp\/v2\/product_tag?post=48812"}],"curies":[{"name":"wp","href":"https:\/\/api.w.org\/{rel}","templated":true}]}}