{"id":45210,"date":"2024-06-20T09:03:20","date_gmt":"2024-06-20T12:03:20","guid":{"rendered":"https:\/\/institutoicm.com.br\/ensino\/?post_type=product&#038;p=45210"},"modified":"2026-04-06T12:30:49","modified_gmt":"2026-04-06T15:30:49","slug":"curso-o-livro-de-neemias","status":"publish","type":"product","link":"https:\/\/institutoicm.com.br\/ensino\/product\/curso-o-livro-de-neemias\/","title":{"rendered":"O Livro de Neemias"},"content":{"rendered":"<p>Voc\u00ea conhecer\u00e1, cap\u00edtulo por cap\u00edtulo, a hist\u00f3ria de Neemias e as oposi\u00e7\u00f5es enfrentadas para a constru\u00e7\u00e3o dos muros de Jerusal\u00e9m. O livro de Neemias possui um conte\u00fado prof\u00e9tico maravilhoso que mostra as grandes oposi\u00e7\u00f5es vividas pela igreja fiel ao longo de sua jornada.<\/p>\n","protected":false},"excerpt":{"rendered":"<p>O livro de Neemias possui um conte\u00fado prof\u00e9tico maravilhoso que mostra as grandes oposi\u00e7\u00f5es vividas pela igreja fiel ao longo de sua jornada. Voc\u00ea conhecer\u00e1, cap\u00edtulo por cap\u00edtulo, a hist\u00f3ria de Neemias e as oposi\u00e7\u00f5es enfrentadas para a constru\u00e7\u00e3o dos muros de Jerusal\u00e9m.<\/p>\n","protected":false},"featured_media":45126,"comment_status":"open","ping_status":"closed","template":"","meta":[],"product_brand":[],"product_cat":[91],"product_tag":[106,105,104,121],"class_list":{"0":"post-45210","1":"product","2":"type-product","3":"status-publish","4":"has-post-thumbnail","6":"product_cat-diversos","7":"product_tag-ead","8":"product_tag-icm","9":"product_tag-maranata","10":"product_tag-neemias","12":"first","13":"outofstock","14":"virtual","15":"sold-individually","16":"purchasable","17":"product-type-simple"},"_links":{"self":[{"href":"https:\/\/institutoicm.com.br\/ensino\/wp-json\/wp\/v2\/product\/45210","targetHints":{"allow":["GET"]}}],"collection":[{"href":"https:\/\/institutoicm.com.br\/ensino\/wp-json\/wp\/v2\/product"}],"about":[{"href":"https:\/\/institutoicm.com.br\/ensino\/wp-json\/wp\/v2\/types\/product"}],"replies":[{"embeddable":true,"href":"https:\/\/institutoicm.com.br\/ensino\/wp-json\/wp\/v2\/comments?post=45210"}],"version-history":[{"count":1,"href":"https:\/\/institutoicm.com.br\/ensino\/wp-json\/wp\/v2\/product\/45210\/revisions"}],"predecessor-version":[{"id":60540,"href":"https:\/\/institutoicm.com.br\/ensino\/wp-json\/wp\/v2\/product\/45210\/revisions\/60540"}],"wp:featuredmedia":[{"embeddable":true,"href":"https:\/\/institutoicm.com.br\/ensino\/wp-json\/wp\/v2\/media\/45126"}],"wp:attachment":[{"href":"https:\/\/institutoicm.com.br\/ensino\/wp-json\/wp\/v2\/media?parent=45210"}],"wp:term":[{"taxonomy":"product_brand","embeddable":true,"href":"https:\/\/institutoicm.com.br\/ensino\/wp-json\/wp\/v2\/product_brand?post=45210"},{"taxonomy":"product_cat","embeddable":true,"href":"https:\/\/institutoicm.com.br\/ensino\/wp-json\/wp\/v2\/product_cat?post=45210"},{"taxonomy":"product_tag","embeddable":true,"href":"https:\/\/institutoicm.com.br\/ensino\/wp-json\/wp\/v2\/product_tag?post=45210"}],"curies":[{"name":"wp","href":"https:\/\/api.w.org\/{rel}","templated":true}]}}