{"id":42156,"date":"2024-01-03T17:38:44","date_gmt":"2024-01-03T20:38:44","guid":{"rendered":"https:\/\/institutoicm.com.br\/ensino\/?post_type=product&#038;p=42156"},"modified":"2026-04-06T12:31:03","modified_gmt":"2026-04-06T15:31:03","slug":"curso-corpo-de-cristo-modulo-iii","status":"publish","type":"product","link":"https:\/\/institutoicm.com.br\/ensino\/product\/curso-corpo-de-cristo-modulo-iii\/","title":{"rendered":"CURSO CORPO DE CRISTO M\u00d3DULO 3"},"content":{"rendered":"<p>Este curso compreende o terceiro m\u00f3dulo do novo Curso de Doutrinas B\u00edblicas do Instituto B\u00edblico da Igreja Crist\u00e3 Maranata. As doutrinas estabelecidas pelo Esp\u00edrito Santo para a Igreja Corpo de Cristo s\u00e3o apresentadas neste curso. Doutrina \u00e9 um conjunto de elementos que emergem da Palavra, pela opera\u00e7\u00e3o do Esp\u00edrito Santo, no corpo.<\/p>\n","protected":false},"excerpt":{"rendered":"<p>Este curso compreende o terceiro m\u00f3dulo do novo Curso de Doutrinas B\u00edblicas do Instituto B\u00edblico da Igreja Crist\u00e3 Maranata. As doutrinas estabelecidas pelo Esp\u00edrito Santo para a Igreja Corpo de Cristo s\u00e3o apresentadas neste curso. Doutrina \u00e9 um conjunto de elementos que emergem da Palavra, pela opera\u00e7\u00e3o do Esp\u00edrito Santo, no corpo.<\/p>\n","protected":false},"featured_media":42163,"comment_status":"open","ping_status":"closed","template":"","meta":[],"product_brand":[],"product_cat":[69],"product_tag":[],"class_list":{"0":"post-42156","1":"product","2":"type-product","3":"status-publish","4":"has-post-thumbnail","6":"product_cat-ead","8":"first","9":"outofstock","10":"virtual","11":"sold-individually","12":"purchasable","13":"product-type-simple"},"_links":{"self":[{"href":"https:\/\/institutoicm.com.br\/ensino\/wp-json\/wp\/v2\/product\/42156","targetHints":{"allow":["GET"]}}],"collection":[{"href":"https:\/\/institutoicm.com.br\/ensino\/wp-json\/wp\/v2\/product"}],"about":[{"href":"https:\/\/institutoicm.com.br\/ensino\/wp-json\/wp\/v2\/types\/product"}],"replies":[{"embeddable":true,"href":"https:\/\/institutoicm.com.br\/ensino\/wp-json\/wp\/v2\/comments?post=42156"}],"version-history":[{"count":2,"href":"https:\/\/institutoicm.com.br\/ensino\/wp-json\/wp\/v2\/product\/42156\/revisions"}],"predecessor-version":[{"id":60542,"href":"https:\/\/institutoicm.com.br\/ensino\/wp-json\/wp\/v2\/product\/42156\/revisions\/60542"}],"wp:featuredmedia":[{"embeddable":true,"href":"https:\/\/institutoicm.com.br\/ensino\/wp-json\/wp\/v2\/media\/42163"}],"wp:attachment":[{"href":"https:\/\/institutoicm.com.br\/ensino\/wp-json\/wp\/v2\/media?parent=42156"}],"wp:term":[{"taxonomy":"product_brand","embeddable":true,"href":"https:\/\/institutoicm.com.br\/ensino\/wp-json\/wp\/v2\/product_brand?post=42156"},{"taxonomy":"product_cat","embeddable":true,"href":"https:\/\/institutoicm.com.br\/ensino\/wp-json\/wp\/v2\/product_cat?post=42156"},{"taxonomy":"product_tag","embeddable":true,"href":"https:\/\/institutoicm.com.br\/ensino\/wp-json\/wp\/v2\/product_tag?post=42156"}],"curies":[{"name":"wp","href":"https:\/\/api.w.org\/{rel}","templated":true}]}}