{"id":41105,"date":"2023-11-21T09:45:47","date_gmt":"2023-11-21T12:45:47","guid":{"rendered":"https:\/\/institutoicm.com.br\/ensino\/?post_type=product&#038;p=41105"},"modified":"2026-04-06T12:31:10","modified_gmt":"2026-04-06T15:31:10","slug":"curso-para-professoras-de-cias-mod-2","status":"publish","type":"product","link":"https:\/\/institutoicm.com.br\/ensino\/product\/curso-para-professoras-de-cias-mod-2\/","title":{"rendered":"CURSO PARA PROFESSORES DE CIAS \u2013 M\u00d3DULO II"},"content":{"rendered":"<p>Curso para professoras de crian\u00e7as, intermedi\u00e1rio e adolescentes da Igreja Crist\u00e3 Maranata<\/p>\n","protected":false},"excerpt":{"rendered":"<p>Neste curso voc\u00ea conhecer\u00e1 as principais orienta\u00e7\u00f5es para o trabalho de crian\u00e7as, intermedi\u00e1rios e adolescentes. \u00c9 altamente recomendado para as professoras de classes da Escola B\u00edblica Dominical e para os di\u00e1conos respons\u00e1veis pelo trabalho.<\/p>\n","protected":false},"featured_media":41107,"comment_status":"open","ping_status":"closed","template":"","meta":[],"product_brand":[],"product_cat":[100],"product_tag":[102,106,101,107,105,104,103],"class_list":{"0":"post-41105","1":"product","2":"type-product","3":"status-publish","4":"has-post-thumbnail","6":"product_cat-cias","7":"product_tag-cias","8":"product_tag-ead","9":"product_tag-ensino","10":"product_tag-ibicm","11":"product_tag-icm","12":"product_tag-maranata","13":"product_tag-professoras","15":"first","16":"outofstock","17":"virtual","18":"sold-individually","19":"purchasable","20":"product-type-simple"},"_links":{"self":[{"href":"https:\/\/institutoicm.com.br\/ensino\/wp-json\/wp\/v2\/product\/41105","targetHints":{"allow":["GET"]}}],"collection":[{"href":"https:\/\/institutoicm.com.br\/ensino\/wp-json\/wp\/v2\/product"}],"about":[{"href":"https:\/\/institutoicm.com.br\/ensino\/wp-json\/wp\/v2\/types\/product"}],"replies":[{"embeddable":true,"href":"https:\/\/institutoicm.com.br\/ensino\/wp-json\/wp\/v2\/comments?post=41105"}],"version-history":[{"count":1,"href":"https:\/\/institutoicm.com.br\/ensino\/wp-json\/wp\/v2\/product\/41105\/revisions"}],"predecessor-version":[{"id":60543,"href":"https:\/\/institutoicm.com.br\/ensino\/wp-json\/wp\/v2\/product\/41105\/revisions\/60543"}],"wp:featuredmedia":[{"embeddable":true,"href":"https:\/\/institutoicm.com.br\/ensino\/wp-json\/wp\/v2\/media\/41107"}],"wp:attachment":[{"href":"https:\/\/institutoicm.com.br\/ensino\/wp-json\/wp\/v2\/media?parent=41105"}],"wp:term":[{"taxonomy":"product_brand","embeddable":true,"href":"https:\/\/institutoicm.com.br\/ensino\/wp-json\/wp\/v2\/product_brand?post=41105"},{"taxonomy":"product_cat","embeddable":true,"href":"https:\/\/institutoicm.com.br\/ensino\/wp-json\/wp\/v2\/product_cat?post=41105"},{"taxonomy":"product_tag","embeddable":true,"href":"https:\/\/institutoicm.com.br\/ensino\/wp-json\/wp\/v2\/product_tag?post=41105"}],"curies":[{"name":"wp","href":"https:\/\/api.w.org\/{rel}","templated":true}]}}