{"id":40981,"date":"2023-11-13T13:06:11","date_gmt":"2023-11-13T16:06:11","guid":{"rendered":"https:\/\/institutoicm.com.br\/ensino\/?post_type=product&#038;p=40981"},"modified":"2026-04-06T12:31:16","modified_gmt":"2026-04-06T15:31:16","slug":"ciencia-e-fe-uma-abordagem-profetica-mod-v","status":"publish","type":"product","link":"https:\/\/institutoicm.com.br\/ensino\/product\/ciencia-e-fe-uma-abordagem-profetica-mod-v\/","title":{"rendered":"CURSO CIENCIA E FE -MODULO V"},"content":{"rendered":"<p>O curso tem por objetivo fazer um contraponto prof\u00e9tico entre ci\u00eancia e f\u00e9 sob o aspecto prof\u00e9tico, abordando o nascimento e a evolu\u00e7\u00e3o da ci\u00eancia (filosofia, teologia) e a oposi\u00e7\u00e3o da falsa ci\u00eancia \u00e0 jornada da Igreja Fiel.<\/p>\n<p>Neste m\u00f3dulo ser\u00e1 apresentado ao aluno o &#8220;avivalismo&#8221; dos s\u00e9culos XVII e XVIII, os aspectos sociais, pol\u00edticos e prof\u00e9ticos ocorridos ap\u00f3s a revolu\u00e7\u00e3o industrial, a teologia moderna, a igreja deformada e a ideologia\u00a0de\u00a0poder.<\/p>\n","protected":false},"excerpt":{"rendered":"<p>O curso tem por objetivo fazer um contraponto prof\u00e9tico entre ci\u00eancia e f\u00e9 sob o aspecto prof\u00e9tico, abordando o nascimento e a evolu\u00e7\u00e3o da ci\u00eancia (filosofia, teologia) e a oposi\u00e7\u00e3o da falsa ci\u00eancia \u00e0 jornada da Igreja Fiel.<\/p>\n<p>Neste m\u00f3dulo ser\u00e1 apresentado ao aluno o &#8220;avivalismo&#8221; dos s\u00e9culos XVII e XVIII, os aspectos sociais, pol\u00edticos e prof\u00e9ticos ocorridos ap\u00f3s a revolu\u00e7\u00e3o industrial, a teologia moderna, a igreja deformada e a ideologia\u00a0de\u00a0poder.<\/p>\n","protected":false},"featured_media":40982,"comment_status":"closed","ping_status":"closed","template":"","meta":[],"product_brand":[],"product_cat":[69],"product_tag":[106,105,104],"class_list":{"0":"post-40981","1":"product","2":"type-product","3":"status-publish","4":"has-post-thumbnail","6":"product_cat-ead","7":"product_tag-ead","8":"product_tag-icm","9":"product_tag-maranata","11":"first","12":"outofstock","13":"virtual","14":"sold-individually","15":"purchasable","16":"product-type-simple"},"_links":{"self":[{"href":"https:\/\/institutoicm.com.br\/ensino\/wp-json\/wp\/v2\/product\/40981","targetHints":{"allow":["GET"]}}],"collection":[{"href":"https:\/\/institutoicm.com.br\/ensino\/wp-json\/wp\/v2\/product"}],"about":[{"href":"https:\/\/institutoicm.com.br\/ensino\/wp-json\/wp\/v2\/types\/product"}],"replies":[{"embeddable":true,"href":"https:\/\/institutoicm.com.br\/ensino\/wp-json\/wp\/v2\/comments?post=40981"}],"version-history":[{"count":2,"href":"https:\/\/institutoicm.com.br\/ensino\/wp-json\/wp\/v2\/product\/40981\/revisions"}],"predecessor-version":[{"id":60544,"href":"https:\/\/institutoicm.com.br\/ensino\/wp-json\/wp\/v2\/product\/40981\/revisions\/60544"}],"wp:featuredmedia":[{"embeddable":true,"href":"https:\/\/institutoicm.com.br\/ensino\/wp-json\/wp\/v2\/media\/40982"}],"wp:attachment":[{"href":"https:\/\/institutoicm.com.br\/ensino\/wp-json\/wp\/v2\/media?parent=40981"}],"wp:term":[{"taxonomy":"product_brand","embeddable":true,"href":"https:\/\/institutoicm.com.br\/ensino\/wp-json\/wp\/v2\/product_brand?post=40981"},{"taxonomy":"product_cat","embeddable":true,"href":"https:\/\/institutoicm.com.br\/ensino\/wp-json\/wp\/v2\/product_cat?post=40981"},{"taxonomy":"product_tag","embeddable":true,"href":"https:\/\/institutoicm.com.br\/ensino\/wp-json\/wp\/v2\/product_tag?post=40981"}],"curies":[{"name":"wp","href":"https:\/\/api.w.org\/{rel}","templated":true}]}}