{"id":34245,"date":"2023-05-30T12:16:11","date_gmt":"2023-05-30T15:16:11","guid":{"rendered":"https:\/\/institutoicm.com.br\/ensino\/?post_type=product&#038;p=34245"},"modified":"2026-04-06T12:31:55","modified_gmt":"2026-04-06T15:31:55","slug":"curso-ciencia-e-fe-uma-abordagem-profetica-modulo-iv","status":"publish","type":"product","link":"https:\/\/institutoicm.com.br\/ensino\/product\/curso-ciencia-e-fe-uma-abordagem-profetica-modulo-iv\/","title":{"rendered":"CURSO CIENCIA E FE -MODULO IV"},"content":{"rendered":"<p>O curso tem por objetivo fazer um contraponto prof\u00e9tico entre ci\u00eancia e f\u00e9 sob o aspecto prof\u00e9tico, abordando o nascimento e a evolu\u00e7\u00e3o da ci\u00eancia (filosofia, teologia) e a oposi\u00e7\u00e3o da falsa ci\u00eancia \u00e0 jornada da Igreja Fiel.<\/p>\n<p>Este m\u00f3dulo trata da caminhada da Igreja Fiel do Pentecostes at\u00e9 \u00e0 reforma religiosa do s\u00e9culo dezesseis. Voc\u00ea vai ver neste m\u00f3dulo o legado filos\u00f3fico do primeiro s\u00e9culo, as persegui\u00e7\u00f5es \u00e0 Igreja, os Patristas, Agostinho e o neoplatonismo, as heresias dos primeiros s\u00e9culos, as bases filos\u00f3ficas da igreja imperial, os dogmas e a idade m\u00e9dia, a escol\u00e1stica de Tom\u00e1s de Aquino e a ci\u00eancia e f\u00e9\u00a0na\u00a0idade\u00a0m\u00e9dia.<\/p>\n","protected":false},"excerpt":{"rendered":"<p>O curso tem por objetivo fazer um contraponto prof\u00e9tico entre ci\u00eancia e f\u00e9 sob o aspecto prof\u00e9tico, abordando o nascimento e a evolu\u00e7\u00e3o da ci\u00eancia (filosofia, teologia) e a oposi\u00e7\u00e3o da falsa ci\u00eancia \u00e0 jornada da Igreja Fiel.<\/p>\n<p>Este m\u00f3dulo trata da caminhada da Igreja Fiel do Pentecostes at\u00e9 \u00e0 reforma religiosa do s\u00e9culo dezesseis. Voc\u00ea vai ver neste m\u00f3dulo o legado filos\u00f3fico do primeiro s\u00e9culo, as persegui\u00e7\u00f5es \u00e0 Igreja, os Patristas, Agostinho e o neoplatonismo, as heresias dos primeiros s\u00e9culos, as bases filos\u00f3ficas da igreja imperial, os dogmas e a idade m\u00e9dia, a escol\u00e1stica de Tom\u00e1s de Aquino e a ci\u00eancia e f\u00e9\u00a0na\u00a0idade\u00a0m\u00e9dia.<\/p>\n","protected":false},"featured_media":34246,"comment_status":"closed","ping_status":"closed","template":"","meta":[],"product_brand":[],"product_cat":[69],"product_tag":[106,105,104],"class_list":{"0":"post-34245","1":"product","2":"type-product","3":"status-publish","4":"has-post-thumbnail","6":"product_cat-ead","7":"product_tag-ead","8":"product_tag-icm","9":"product_tag-maranata","11":"first","12":"outofstock","13":"virtual","14":"sold-individually","15":"purchasable","16":"product-type-simple"},"_links":{"self":[{"href":"https:\/\/institutoicm.com.br\/ensino\/wp-json\/wp\/v2\/product\/34245","targetHints":{"allow":["GET"]}}],"collection":[{"href":"https:\/\/institutoicm.com.br\/ensino\/wp-json\/wp\/v2\/product"}],"about":[{"href":"https:\/\/institutoicm.com.br\/ensino\/wp-json\/wp\/v2\/types\/product"}],"replies":[{"embeddable":true,"href":"https:\/\/institutoicm.com.br\/ensino\/wp-json\/wp\/v2\/comments?post=34245"}],"version-history":[{"count":1,"href":"https:\/\/institutoicm.com.br\/ensino\/wp-json\/wp\/v2\/product\/34245\/revisions"}],"predecessor-version":[{"id":60549,"href":"https:\/\/institutoicm.com.br\/ensino\/wp-json\/wp\/v2\/product\/34245\/revisions\/60549"}],"wp:featuredmedia":[{"embeddable":true,"href":"https:\/\/institutoicm.com.br\/ensino\/wp-json\/wp\/v2\/media\/34246"}],"wp:attachment":[{"href":"https:\/\/institutoicm.com.br\/ensino\/wp-json\/wp\/v2\/media?parent=34245"}],"wp:term":[{"taxonomy":"product_brand","embeddable":true,"href":"https:\/\/institutoicm.com.br\/ensino\/wp-json\/wp\/v2\/product_brand?post=34245"},{"taxonomy":"product_cat","embeddable":true,"href":"https:\/\/institutoicm.com.br\/ensino\/wp-json\/wp\/v2\/product_cat?post=34245"},{"taxonomy":"product_tag","embeddable":true,"href":"https:\/\/institutoicm.com.br\/ensino\/wp-json\/wp\/v2\/product_tag?post=34245"}],"curies":[{"name":"wp","href":"https:\/\/api.w.org\/{rel}","templated":true}]}}