{"id":21290,"date":"2022-11-23T08:23:55","date_gmt":"2022-11-23T11:23:55","guid":{"rendered":"https:\/\/institutoicm.com.br\/ensino\/product\/e-book-la-palabra-de-dios\/"},"modified":"2026-04-06T12:32:50","modified_gmt":"2026-04-06T15:32:50","slug":"e-book-la-palabra-de-dios","status":"publish","type":"product","link":"https:\/\/institutoicm.com.br\/ensino\/product\/e-book-la-palabra-de-dios\/","title":{"rendered":"E-BOOK &#8211; La Palabra de Dios"},"content":{"rendered":"<p>El estudio de la Palabra de Dios, realizado de forma constante y permanente, as\u00ed como la operaci\u00f3n del Esp\u00edritu Santo, es fundamental para el alcance prof\u00e9tico y revelado de la persona gloriosa del Se\u00f1or Jes\u00fas en toda la palabra.<\/p>\n<p>Muestra la caminata de Abraham en sus aspectos hist\u00f3ricos, geogr\u00e1ficos y prof\u00e9ticos.<\/p>\n<p>Este material fue elaborado sobre la base de las clases doctrinarias impartidas en los seminarios realizados por la Iglesia Cristiana Maranata, en el Maanaim de Domingos Martins, en el estado del Esp\u00edritu Santo.<\/p>\n<p>El contenido did\u00e1ctico de esta publicaci\u00f3n comprende parte del acervo doctrinario de la Iglesia Cristiana Maranata, organizado y puesto a disposici\u00f3n por el Instituto B\u00edblico de la Iglesia Cristiana Maranata para el curso de doctrinas b\u00edblicas.<\/p>\n<p>Esta publicaci\u00f3n fue revisada y perfeccionada con base en las revelaciones \u00a0transmitidas por la Escuela B\u00edblica Dominical.<\/p>\n<p>Todos los derechos est\u00e1n reservados a la Iglesia Cristiana Maranata.<\/p>\n","protected":false},"excerpt":{"rendered":"<p>Este material fue elaborado con base en las clases doctrinales impartidas en los seminarios realizados por la Iglesia Cristiana Maranatha, en el Maanaim de Domingos Martins, en el estado de Esp\u00edrito Santo.<\/p>\n<p>El contenido did\u00e1ctico de esta publicaci\u00f3n forma parte de la colecci\u00f3n doctrinal de la Iglesia Cristiana Maranatha, organizada y puesta a disposici\u00f3n por la Biblia de la Iglesia Cristiana Maranatha<br \/>\nInstituto para el Curso de Doctrinas B\u00edblicas.<\/p>\n<p>Esta publicaci\u00f3n ha sido revisada y mejorada en base a las revelaciones transmitidas por la Escuela Dominical.<\/p>\n<p>Todos los derechos est\u00e1n reservados a la Iglesia Cristiana Maranatha<\/p>\n","protected":false},"featured_media":21287,"comment_status":"closed","ping_status":"closed","template":"","meta":[],"product_brand":[],"product_cat":[81],"product_tag":[],"class_list":{"0":"post-21290","1":"product","2":"type-product","3":"status-publish","4":"has-post-thumbnail","6":"product_cat-e-book","8":"first","9":"outofstock","10":"virtual","11":"sold-individually","12":"purchasable","13":"product-type-simple"},"_links":{"self":[{"href":"https:\/\/institutoicm.com.br\/ensino\/wp-json\/wp\/v2\/product\/21290","targetHints":{"allow":["GET"]}}],"collection":[{"href":"https:\/\/institutoicm.com.br\/ensino\/wp-json\/wp\/v2\/product"}],"about":[{"href":"https:\/\/institutoicm.com.br\/ensino\/wp-json\/wp\/v2\/types\/product"}],"replies":[{"embeddable":true,"href":"https:\/\/institutoicm.com.br\/ensino\/wp-json\/wp\/v2\/comments?post=21290"}],"version-history":[{"count":2,"href":"https:\/\/institutoicm.com.br\/ensino\/wp-json\/wp\/v2\/product\/21290\/revisions"}],"predecessor-version":[{"id":60554,"href":"https:\/\/institutoicm.com.br\/ensino\/wp-json\/wp\/v2\/product\/21290\/revisions\/60554"}],"wp:featuredmedia":[{"embeddable":true,"href":"https:\/\/institutoicm.com.br\/ensino\/wp-json\/wp\/v2\/media\/21287"}],"wp:attachment":[{"href":"https:\/\/institutoicm.com.br\/ensino\/wp-json\/wp\/v2\/media?parent=21290"}],"wp:term":[{"taxonomy":"product_brand","embeddable":true,"href":"https:\/\/institutoicm.com.br\/ensino\/wp-json\/wp\/v2\/product_brand?post=21290"},{"taxonomy":"product_cat","embeddable":true,"href":"https:\/\/institutoicm.com.br\/ensino\/wp-json\/wp\/v2\/product_cat?post=21290"},{"taxonomy":"product_tag","embeddable":true,"href":"https:\/\/institutoicm.com.br\/ensino\/wp-json\/wp\/v2\/product_tag?post=21290"}],"curies":[{"name":"wp","href":"https:\/\/api.w.org\/{rel}","templated":true}]}}