{"id":20641,"date":"2022-10-05T11:08:25","date_gmt":"2022-10-05T14:08:25","guid":{"rendered":"https:\/\/institutoicm.com.br\/ensino\/?post_type=product&#038;p=20641"},"modified":"2026-04-06T12:33:00","modified_gmt":"2026-04-06T15:33:00","slug":"o-sangue-de-jesus-modulo-ii","status":"publish","type":"product","link":"https:\/\/institutoicm.com.br\/ensino\/product\/o-sangue-de-jesus-modulo-ii\/","title":{"rendered":"CURSO O SANGUE DE JESUS -MODULO 2"},"content":{"rendered":"<p>Este curso compreende o segundo m\u00f3dulo do novo Curso de Doutrinas B\u00edblicas do Instituto B\u00edblico da Igreja Crist\u00e3 Maranata. Compreende as seguintes disciplinas: O pecado original, O sangue e o Cordeiro, A aspers\u00e3o do sangue, A pr\u00e1tica do Clamor, Eles venceram pelo sangue, O sangue como marcador prof\u00e9tico, O Esp\u00edrito Santo, O Fio Escarlata, A ceia do Senhor, O Sacerd\u00f3cio Universal do crente e Jesus, o \u00fanico mediador.<\/p>\n","protected":false},"excerpt":{"rendered":"<p>Este curso compreende o segundo m\u00f3dulo do novo Curso de Doutrinas B\u00edblicas do Instituto B\u00edblico da Igreja Crist\u00e3 Maranata: O pecado original, O sangue e o Cordeiro, A aspers\u00e3o do sangue, a pr\u00e1tica do Clamor, Eles venceram pelo sangue, O sangue como marcador prof\u00e9tico, o Esp\u00edrito Santo, o Fio Escarlata, A ceia do Senhor, o Sacerd\u00f3cio Universal do crente e Jesus, o \u00fanico mediador.<\/p>\n","protected":false},"featured_media":20643,"comment_status":"closed","ping_status":"closed","template":"","meta":[],"product_brand":[],"product_cat":[69],"product_tag":[],"class_list":{"0":"post-20641","1":"product","2":"type-product","3":"status-publish","4":"has-post-thumbnail","6":"product_cat-ead","8":"first","9":"outofstock","10":"virtual","11":"sold-individually","12":"purchasable","13":"product-type-simple"},"_links":{"self":[{"href":"https:\/\/institutoicm.com.br\/ensino\/wp-json\/wp\/v2\/product\/20641","targetHints":{"allow":["GET"]}}],"collection":[{"href":"https:\/\/institutoicm.com.br\/ensino\/wp-json\/wp\/v2\/product"}],"about":[{"href":"https:\/\/institutoicm.com.br\/ensino\/wp-json\/wp\/v2\/types\/product"}],"replies":[{"embeddable":true,"href":"https:\/\/institutoicm.com.br\/ensino\/wp-json\/wp\/v2\/comments?post=20641"}],"version-history":[{"count":1,"href":"https:\/\/institutoicm.com.br\/ensino\/wp-json\/wp\/v2\/product\/20641\/revisions"}],"predecessor-version":[{"id":60555,"href":"https:\/\/institutoicm.com.br\/ensino\/wp-json\/wp\/v2\/product\/20641\/revisions\/60555"}],"wp:featuredmedia":[{"embeddable":true,"href":"https:\/\/institutoicm.com.br\/ensino\/wp-json\/wp\/v2\/media\/20643"}],"wp:attachment":[{"href":"https:\/\/institutoicm.com.br\/ensino\/wp-json\/wp\/v2\/media?parent=20641"}],"wp:term":[{"taxonomy":"product_brand","embeddable":true,"href":"https:\/\/institutoicm.com.br\/ensino\/wp-json\/wp\/v2\/product_brand?post=20641"},{"taxonomy":"product_cat","embeddable":true,"href":"https:\/\/institutoicm.com.br\/ensino\/wp-json\/wp\/v2\/product_cat?post=20641"},{"taxonomy":"product_tag","embeddable":true,"href":"https:\/\/institutoicm.com.br\/ensino\/wp-json\/wp\/v2\/product_tag?post=20641"}],"curies":[{"name":"wp","href":"https:\/\/api.w.org\/{rel}","templated":true}]}}