{"id":14727,"date":"2022-06-20T08:48:01","date_gmt":"2022-06-20T11:48:01","guid":{"rendered":"https:\/\/institutoicm.com.br\/ensino\/product\/ciencia-e-fe-uma-abordagem-profetica-modulo-i\/"},"modified":"2026-04-06T12:36:25","modified_gmt":"2026-04-06T15:36:25","slug":"ciencia-e-fe-uma-abordagem-profetica-modulo-i","status":"publish","type":"product","link":"https:\/\/institutoicm.com.br\/ensino\/product\/ciencia-e-fe-uma-abordagem-profetica-modulo-i\/","title":{"rendered":"Ci\u00eancia e F\u00e9 &#8211; Uma abordagem prof\u00e9tica &#8211; M\u00f3d. I"},"content":{"rendered":"<p>O curso tem por objetivo fazer um contraponto prof\u00e9tico entre ci\u00eancia e f\u00e9 sob o aspecto prof\u00e9tico, abordando o nascimento da ci\u00eancia, a evolu\u00e7\u00e3o da ci\u00eancia (filosofia, teologia) e a oposi\u00e7\u00e3o da falsa ci\u00eancia na jornada da Igreja Fiel.<\/p>\n","protected":false},"excerpt":{"rendered":"<p>O curso tem por objetivo fazer um contraponto prof\u00e9tico entre ci\u00eancia e f\u00e9 sob o aspecto prof\u00e9tico, abordando o nascimento da ci\u00eancia, a evolu\u00e7\u00e3o da ci\u00eancia (filosofia, teologia) e a oposi\u00e7\u00e3o da falsa ci\u00eancia na jornada da Igreja Fiel.<\/p>\n","protected":false},"featured_media":19661,"comment_status":"closed","ping_status":"closed","template":"","meta":[],"product_brand":[],"product_cat":[69],"product_tag":[],"class_list":{"0":"post-14727","1":"product","2":"type-product","3":"status-publish","4":"has-post-thumbnail","6":"product_cat-ead","8":"first","9":"outofstock","10":"virtual","11":"sold-individually","12":"purchasable","13":"product-type-simple"},"_links":{"self":[{"href":"https:\/\/institutoicm.com.br\/ensino\/wp-json\/wp\/v2\/product\/14727","targetHints":{"allow":["GET"]}}],"collection":[{"href":"https:\/\/institutoicm.com.br\/ensino\/wp-json\/wp\/v2\/product"}],"about":[{"href":"https:\/\/institutoicm.com.br\/ensino\/wp-json\/wp\/v2\/types\/product"}],"replies":[{"embeddable":true,"href":"https:\/\/institutoicm.com.br\/ensino\/wp-json\/wp\/v2\/comments?post=14727"}],"version-history":[{"count":2,"href":"https:\/\/institutoicm.com.br\/ensino\/wp-json\/wp\/v2\/product\/14727\/revisions"}],"predecessor-version":[{"id":60558,"href":"https:\/\/institutoicm.com.br\/ensino\/wp-json\/wp\/v2\/product\/14727\/revisions\/60558"}],"wp:featuredmedia":[{"embeddable":true,"href":"https:\/\/institutoicm.com.br\/ensino\/wp-json\/wp\/v2\/media\/19661"}],"wp:attachment":[{"href":"https:\/\/institutoicm.com.br\/ensino\/wp-json\/wp\/v2\/media?parent=14727"}],"wp:term":[{"taxonomy":"product_brand","embeddable":true,"href":"https:\/\/institutoicm.com.br\/ensino\/wp-json\/wp\/v2\/product_brand?post=14727"},{"taxonomy":"product_cat","embeddable":true,"href":"https:\/\/institutoicm.com.br\/ensino\/wp-json\/wp\/v2\/product_cat?post=14727"},{"taxonomy":"product_tag","embeddable":true,"href":"https:\/\/institutoicm.com.br\/ensino\/wp-json\/wp\/v2\/product_tag?post=14727"}],"curies":[{"name":"wp","href":"https:\/\/api.w.org\/{rel}","templated":true}]}}