{"id":7197,"date":"2021-07-08T16:32:18","date_gmt":"2021-07-08T19:32:18","guid":{"rendered":"https:\/\/institutoicm.com.br\/ensino\/?page_id=7197"},"modified":"2024-12-26T23:18:20","modified_gmt":"2024-12-27T02:18:20","slug":"informacoes","status":"publish","type":"page","link":"https:\/\/institutoicm.com.br\/ensino\/informacoes\/","title":{"rendered":"Informa\u00e7\u00f5es &#8211; M\u00e9todos de Autentica\u00e7\u00e3o"},"content":{"rendered":"\t\t<div data-elementor-type=\"wp-page\" data-elementor-id=\"7197\" class=\"elementor elementor-7197\">\n\t\t\t\t\t\t<section class=\"elementor-section elementor-top-section elementor-element elementor-element-4214b6b8 elementor-section-boxed elementor-section-height-default elementor-section-height-default\" data-id=\"4214b6b8\" data-element_type=\"section\" data-e-type=\"section\">\n\t\t\t\t\t\t<div class=\"elementor-container elementor-column-gap-default\">\n\t\t\t\t\t<div class=\"elementor-column elementor-col-100 elementor-top-column elementor-element elementor-element-1ce64c48\" data-id=\"1ce64c48\" data-element_type=\"column\" data-e-type=\"column\">\n\t\t\t<div class=\"elementor-widget-wrap elementor-element-populated\">\n\t\t\t\t\t\t<div class=\"elementor-element elementor-element-272b10f elementor-widget elementor-widget-text-editor\" data-id=\"272b10f\" data-element_type=\"widget\" data-e-type=\"widget\" data-widget_type=\"text-editor.default\">\n\t\t\t\t<div class=\"elementor-widget-container\">\n\t\t\t\t\t\t\t\t\t<p><span style=\"color: #353535; font-family: Exo, sans-serif; font-size: 30px; background-color: inherit;\">Novidade no M\u00e9todo de Autentica\u00e7\u00e3o da Plataforma de Ensino<\/span><\/p><p>Estamos sempre buscando melhorar a experi\u00eancia dos nossos usu\u00e1rios e, por isso, implementamos novos m\u00e9todos de autentica\u00e7\u00e3o! Agora, al\u00e9m do acesso tradicional com usu\u00e1rio e senha, voc\u00ea pode entrar na plataforma utilizando sua conta do Google ou do Facebook.<\/p><h3>O que muda?<\/h3><p>Essa nova funcionalidade traz mais praticidade e agilidade no acesso, sem comprometer a seguran\u00e7a dos seus dados. No entanto, \u00e9 importante destacar que os cursos vinculados \u00e0 sua conta dependem do <strong>e-mail utilizado para o login<\/strong>.<\/p><h3>Aten\u00e7\u00e3o ao e-mail de acesso<\/h3><ul><li>Caso utilize a op\u00e7\u00e3o de login pelo Google ou Facebook, verifique se o e-mail associado a essas contas \u00e9 o mesmo que voc\u00ea j\u00e1 usa para acessar nossa plataforma.<\/li><li>Se optar por um e-mail diferente, <strong>os cursos e conte\u00fados adquiridos anteriormente n\u00e3o estar\u00e3o dispon\u00edveis<\/strong>.<\/li><\/ul><h3>O que fazer se houver diverg\u00eancia?<\/h3><p>Se, por engano, voc\u00ea acessar a plataforma com um e-mail diferente, n\u00e3o se preocupe! Basta sair e realizar o login com o e-mail correto para retomar o acesso aos seus cursos.<\/p><h3>Precisando de ajuda?<\/h3><p>Nossa equipe de suporte est\u00e1 dispon\u00edvel para esclarecer d\u00favidas ou resolver qualquer problema relacionado ao acesso. Entre em contato conosco pelo e-mail <a href=\"mailto:suporte@institutoicm.org.br\">suporte@institutoicm.org.br<\/a> ou diretamente na plataforma.<\/p><p>Aproveite essa novidade e continue sua jornada de aprendizado com mais praticidade!<\/p><p>Para acessar a nova p\u00e1gina <a href=\"https:\/\/institutoicm.com.br\/ensino\/entrar\/\">clique aqui<\/a>!<\/p>\t\t\t\t\t\t\t\t<\/div>\n\t\t\t\t<\/div>\n\t\t\t\t\t<\/div>\n\t\t<\/div>\n\t\t\t\t\t<\/div>\n\t\t<\/section>\n\t\t\t\t<\/div>\n\t\t","protected":false},"excerpt":{"rendered":"<p>Novidade no M\u00e9todo de Autentica\u00e7\u00e3o da Plataforma de Ensino Estamos sempre buscando melhorar a experi\u00eancia dos nossos usu\u00e1rios e, por isso, implementamos novos m\u00e9todos de autentica\u00e7\u00e3o! Agora, al\u00e9m do acesso&#8230;<\/p>\n","protected":false},"author":1,"featured_media":0,"parent":0,"menu_order":0,"comment_status":"closed","ping_status":"closed","template":"","meta":{"footnotes":""},"class_list":["post-7197","page","type-page","status-publish","hentry"],"_links":{"self":[{"href":"https:\/\/institutoicm.com.br\/ensino\/wp-json\/wp\/v2\/pages\/7197","targetHints":{"allow":["GET"]}}],"collection":[{"href":"https:\/\/institutoicm.com.br\/ensino\/wp-json\/wp\/v2\/pages"}],"about":[{"href":"https:\/\/institutoicm.com.br\/ensino\/wp-json\/wp\/v2\/types\/page"}],"author":[{"embeddable":true,"href":"https:\/\/institutoicm.com.br\/ensino\/wp-json\/wp\/v2\/users\/1"}],"replies":[{"embeddable":true,"href":"https:\/\/institutoicm.com.br\/ensino\/wp-json\/wp\/v2\/comments?post=7197"}],"version-history":[{"count":20,"href":"https:\/\/institutoicm.com.br\/ensino\/wp-json\/wp\/v2\/pages\/7197\/revisions"}],"predecessor-version":[{"id":49808,"href":"https:\/\/institutoicm.com.br\/ensino\/wp-json\/wp\/v2\/pages\/7197\/revisions\/49808"}],"wp:attachment":[{"href":"https:\/\/institutoicm.com.br\/ensino\/wp-json\/wp\/v2\/media?parent=7197"}],"curies":[{"name":"wp","href":"https:\/\/api.w.org\/{rel}","templated":true}]}}