{"id":6891,"date":"2021-06-21T19:44:37","date_gmt":"2021-06-21T22:44:37","guid":{"rendered":"https:\/\/institutoicm.com.br\/ensino\/?page_id=6891"},"modified":"2021-06-21T19:49:55","modified_gmt":"2021-06-21T22:49:55","slug":"contrato-de-prestacao-de-servico","status":"publish","type":"page","link":"https:\/\/institutoicm.com.br\/ensino\/contrato-de-prestacao-de-servico\/","title":{"rendered":"Contrato de Presta\u00e7\u00e3o de Servi\u00e7o"},"content":{"rendered":"<table style=\"border-collapse: collapse; width: 100%;\" border=\"0\">\n<tbody>\n<tr>\n<td style=\"width: 253px;\"><\/td>\n<td style=\"width: 253px;\">Pelo presente CONTRATO DE PRESTA\u00c7\u00c3O DE SERVI\u00c7OS EDUCACIONAIS NA MODALIDADE DE ENSINO A\u0300 DISTA\u0302NCIA, as partes subscritadas abaixo acordam para defini\u00e7\u00e3o dos crit\u00e9rios e cl\u00e1usulas a seguir, de um lado:<\/td>\n<\/tr>\n<\/tbody>\n<\/table>\n<p><strong>CONTRATANTE: ALUNO <\/strong>que se inscrever, preenchendo corretamente seus dados na ficha de inscri\u00e7\u00e3o deste curso no site do IBICM; e de outro lado:<\/p>\n<p><strong>\u00a0<\/strong><strong>CONTRATADO:<\/strong><strong> INSTITUTO B\u00cdBLICO DA IGREJA CRIST\u00c3 MARANATA &#8211; IBICM<\/strong>, pessoa jur\u00eddica de direito privado, sediada \u00e0 Rua Torquato Laranja, 92, Centro, Vila Velha, Esp\u00edrito Santo, inscrita no CNPJ sob o n\u00b0 23.542.243\/0001-57, neste ato representada na forma do seu Estatuto Social.<\/p>\n<h4><strong>CL\u00c1USULA PRIMEIRA &#8211; DO OBJETO<\/strong><\/h4>\n<p><strong>1.1.\u00a0\u00a0\u00a0\u00a0 <\/strong>O presente CONTRATO tem por objeto a presta\u00e7\u00e3o de servi\u00e7os educacionais pelo IBICM a dist\u00e2ncia, atrav\u00e9s de seu Ambiente Virtual de Aprendizagem, em formato de aulas on-line, com conte\u00fado, dura\u00e7\u00e3o e condi\u00e7\u00f5es estabelecidos no endere\u00e7o eletr\u00f4nico: www.institutoicm.org.br, e cujas disposi\u00e7\u00f5es s\u00e3o parte integrante deste CONTRATO.<\/p>\n<p>1.2.\u00a0\u00a0\u00a0\u00a0 O curso ser\u00e1 ministrado na modalidade de curso livre e, portanto, n\u00e3o est\u00e1 sujeito a autoriza\u00e7\u00e3o do Minist\u00e9rio da Educa\u00e7\u00e3o &#8211; MEC ou das secretarias estaduais de educa\u00e7\u00e3o. O IBICM emitir\u00e1 um Certificado de Participa\u00e7\u00e3o ap\u00f3s o cumprimento das condi\u00e7\u00f5es estabelecidas neste CONTRATO.<\/p>\n<p>1.3.\u00a0\u00a0\u00a0\u00a0 O Curso objeto deste CONTRATO \u00e9 realizado a dist\u00e2ncia por a\u00e7\u00f5es desenvolvidas no ambiente virtual da internet, em formato de aulas gravadas e em PDF.<\/p>\n<h4><strong>CL\u00c1USULA SEGUNDA &#8211; DAS CONDI\u00c7\u00d5ES DE CONTRATA\u00c7\u00c3O<\/strong><\/h4>\n<p>2.1.\u00a0\u00a0\u00a0\u00a0 O presente CONTRATO \u00e9 v\u00e1lido e eficaz a partir da presente data, tendo sido celebrado em ambiente virtual mediante o acesso do ALUNO ao site: www.institutoicm.org.br, onde ap\u00f3s o cadastro, \u00e9 gerado um c\u00f3digo de acesso com nome de usu\u00e1rio e senha pessoal.<\/p>\n<p>2.2.\u00a0\u00a0\u00a0\u00a0 O ALUNO declara neste ato que acessou o curso desejado, observou as disposi\u00e7\u00f5es contratuais propostas, pre\u00e7o, formas de pagamentos, preencheu os dados de acesso \u00e0 plataforma de pagamento e finalizou a contrata\u00e7\u00e3o, aderindo e concordando em se submeter integralmente aos Termos e Condi\u00e7\u00f5es do presente CONTRATO.<\/p>\n<p>2.3.\u00a0\u00a0\u00a0\u00a0 O ALUNO declara ter tido conhecimento previamente a esta contrata\u00e7\u00e3o, de ser requisito essencial \u00e0 participa\u00e7\u00e3o no curso, de manter atualizado o correio eletr\u00f4nico (e- mail) e os telefones para contatos.<\/p>\n<p>2.4.\u00a0\u00a0\u00a0\u00a0 O curso ficar\u00e1 dispon\u00edvel pelo per\u00edodo de 24 (vinte e quatro) meses, que come\u00e7a a ser contado a partir do primeiro LOGIN efetuado pelo ALUNO.<\/p>\n<p>2.5.\u00a0\u00a0\u00a0\u00a0 Ap\u00f3s o per\u00edodo mencionado no item anterior, conclu\u00eddo ou n\u00e3o o curso, o acesso do ALUNO expirar\u00e1.<\/p>\n<p>2.6\u00a0\u00a0 O uso da senha e o acesso no Ambiente Virtual de Aprendizagem \u00e9 restrito, pessoal e intransfer\u00edvel.<\/p>\n<p>2.7.\u00a0\u00a0\u00a0\u00a0 Na hip\u00f3tese de perda da senha de acesso ao sistema acad\u00eamico pelo qual o ALUNO dever\u00e1 estudar e responder as suas atividades acad\u00eamicas, o ALUNO se responsabilizar\u00e1 por solicitar, em tempo h\u00e1bil, um novo acesso.<\/p>\n<p>2.8.\u00a0\u00a0\u00a0\u00a0 Ao firmar o presente CONTRATO, o ALUNO e\/ou seu respons\u00e1vel legal\/financeiro concordam em submeterem-se aos ditames legais atinentes a\u0300 mat\u00e9ria, declarando que t\u00eam, portanto, conhecimento da abrang\u00eancia das rela\u00e7\u00f5es ora ajustadas.<\/p>\n<h4><strong>CL\u00c1USULA TERCEIRA &#8211; DOS DEVERES DO IBICM<\/strong><\/h4>\n<p>3.1.\u00a0\u00a0\u00a0\u00a0 O IBICM \u00e9 respons\u00e1vel pela concep\u00e7\u00e3o, produ\u00e7\u00e3o e equipe do Curso, devendo zelar por sua qualidade e pelo cumprimento dos conte\u00fados propostos.<\/p>\n<p>3.2.\u00a0\u00a0\u00a0\u00a0 O IBICM se compromete a ministrar ao ALUNO o ensino das disciplinas que comp\u00f5em o quadro curricular especificado na grade do curso de acordo com a sua vig\u00eancia e observadas as disposi\u00e7\u00f5es regimentais, conforme segue:<\/p>\n<ol>\n<li>Disponibilizar material did\u00e1tico;<\/li>\n<li>Disponibilizar, nos per\u00edodos previamente agendados, as aulas virtuais com o professor titular de cada disciplina ou por outro professor com conhecimento equivalente na respectiva \u00e1rea, em sendo necess\u00e1rio;<\/li>\n<li>Coordenar administrativa e academicamente os cursos, zelando pela sua qualidade e pelo cumprimento das metodologias de educa\u00e7\u00e3o a\u0300 dist\u00e2ncia.<\/li>\n<\/ol>\n<p>3.3.\u00a0\u00a0\u00a0\u00a0 Ap\u00f3s a conclus\u00e3o com \u00eaxito de todas as etapas do curso e com a quita\u00e7\u00e3o das obriga\u00e7\u00f5es financeiras, o ALUNO receber\u00e1 um Certificado de Participa\u00e7\u00e3o emitido pelo IBICM.<\/p>\n<h4><strong>CL\u00c1USULA QUARTA &#8211; DOS DEVERES DO ALUNO <\/strong><\/h4>\n<p>4.1.\u00a0\u00a0\u00a0\u00a0 O ALUNO dever\u00e1 assistir as aulas do curso dentro do per\u00edodo estipulado no Item 2.4.<\/p>\n<p>4.2.\u00a0\u00a0\u00a0\u00a0 O curso \u00e9 finalizado quando do cumprimento de todas as atividades previstas na grade curricular do curso.<\/p>\n<p>4.3\u00a0\u00a0 O ALUNO est\u00e1 ciente que conhece os pr\u00e9-requisitos (tecnol\u00f3gicos e operacionais) necess\u00e1rios para o acompanhamento e o aproveitamento do curso na modalidade contratada, e que dispor\u00e1 destes recursos pr\u00f3prios.<\/p>\n<p>4.4.\u00a0\u00a0\u00a0\u00a0 S\u00e3o ainda obriga\u00e7\u00f5es do ALUNO:<\/p>\n<ol>\n<li>Honrar com sua obriga\u00e7\u00e3o de pagar o pre\u00e7o do curso convencionado, nos prazos e formas pactuados;<\/li>\n<li>Utilizar-se de Notebook, Tablet ou Smartphone para acompanhamento das aulas, com acesso \u00e0 Internet (m\u00ednimo de 2 Mbps) e ter e-mail e telefone para permanente contato;<\/li>\n<li>Manter seus dados cadastrais atualizados e com informa\u00e7\u00f5es ver\u00eddicas, bem como zelar pela confidencialidade de sua senha e login, de forma a n\u00e3o permitir compartilhamento;<\/li>\n<li>N\u00e3o reproduzir total ou parcialmente as aulas gravadas e o material did\u00e1tico deste curso, para fins comerciais ou n\u00e3o, sob pena das provid\u00eancias judiciais cab\u00edveis.<\/li>\n<\/ol>\n<h4><strong>CL\u00c1USULA QUINTA &#8211; DA METODOLOGIA DO ENSINO<\/strong><\/h4>\n<p>5.1.\u00a0\u00a0\u00a0\u00a0 As aulas previamente gravadas ser\u00e3o disponibilizadas no Ambiente Virtual de Aprendizagem conforme plano do Curso, no formato da tecnologia de streaming.<\/p>\n<p>5.2.\u00a0\u00a0\u00a0\u00a0 As aulas poder\u00e3o ser assistidas livremente, n\u00e3o havendo limites de acessos, dentro do per\u00edodo estabelecido no Item 2.4.<\/p>\n<p>5.3.\u00a0\u00a0\u00a0\u00a0 A cada disciplina dada, um question\u00e1rio, na modalidade de m\u00faltipla escolha, deve ser respondido pelo ALUNO para que ele prossiga o aprendizado.<\/p>\n<p>5.4.\u00a0\u00a0\u00a0\u00a0 Ao final do curso, uma avalia\u00e7\u00e3o em m\u00faltipla escolha tamb\u00e9m deve ser respondida pelo ALUNO.<\/p>\n<p>5.4.1. Ao final do curso, caso o ALUNO alcance o percentual m\u00ednimo de aprova\u00e7\u00e3o e tenha cumprido integralmente as obriga\u00e7\u00f5es contratuais com a efetiva\u00e7\u00e3o do pagamento integral, o Certificado de Participa\u00e7\u00e3o, previsto na Cl\u00e1usula 3.3, estar\u00e1 habilitado para download.<\/p>\n<p>5.4.2. Os cursos com carga hor\u00e1ria inferior a 10 horas-aula poder\u00e3o n\u00e3o possuir uma avalia\u00e7\u00e3o final. Neste caso, o aluno receber\u00e1 o Certificado de Participa\u00e7\u00e3o ap\u00f3s a conclus\u00e3o das etapas previstas.<\/p>\n<p>5.5.\u00a0\u00a0\u00a0\u00a0 As aulas do curso consideram-se disponibilizadas e realizadas a partir do momento da sua publica\u00e7\u00e3o no Ambiente Virtual de Aprendizagem, independentemente de o ALUNO efetivamente t\u00ea-las assistido.<\/p>\n<p>5.6\u00a0 O IBICM n\u00e3o se responsabilizar\u00e1 pela emiss\u00e3o do Certificado de Participa\u00e7\u00e3o caso o ALUNO n\u00e3o assista as aulas observando o prazo previsto na Cl\u00e1usula 2.4.<\/p>\n<h4><strong>CL\u00c1USULA SEXTA &#8211; DOS PAGAMENTOS<\/strong><\/h4>\n<p>6.1.\u00a0\u00a0\u00a0\u00a0 Em contrapresta\u00e7\u00e3o aos servi\u00e7os objeto deste CONTRATO, o ALUNO aceitou e optou por pagar o pre\u00e7o proposto para o Curso na oportunidade desta contrata\u00e7\u00e3o, observadas as campanhas promocionais, eventuais descontos e planos de pagamento e, dentre as op\u00e7\u00f5es ofertadas para quita\u00e7\u00e3o.<\/p>\n<p>6.2.\u00a0\u00a0\u00a0\u00a0 O ALUNO ou seu respons\u00e1vel legal\/financeiro assumem, solidariamente, a responsabilidade pelo pagamento de todo o valor da obriga\u00e7\u00e3o, ainda que n\u00e3o venha a assistir o conte\u00fado das aulas a ele disponibilizadas.<\/p>\n<p>6.3.\u00a0\u00a0\u00a0\u00a0 O ALUNO assume o compromisso de pagar as devidas parcelas contratadas mediante esse CONTRATO pelos meios disponibilizados pelo IBICM.<\/p>\n<p>6.4.\u00a0\u00a0\u00a0\u00a0 Em caso de inadimplemento, poder\u00e1 o IBICM cobrar multa de 2% (dois por cento) sobre a parcela devida, acrescida de juros de mora de 1% ao m\u00eas ou fra\u00e7\u00e3o de m\u00eas e atualiza\u00e7\u00e3o monet\u00e1ria com base no IGP-ME\/FGV, bem como adotar todas as provid\u00eancias legais de cobran\u00e7a cab\u00edveis, inclusive inscrever o nome do ALUNO em cadastro ou servi\u00e7os legalmente constitu\u00eddos e destinados \u00e0 prote\u00e7\u00e3o da cobran\u00e7a do cr\u00e9dito advindo deste CONTRATO, valendo o presente CONTRATO como t\u00edtulo executivo extrajudicial.<\/p>\n<p>6.6.\u00a0\u00a0\u00a0\u00a0 O ALUNO compreende que o pre\u00e7o pago em contrapresta\u00e7\u00e3o aos servi\u00e7os pactuados independe de sua respectiva utiliza\u00e7\u00e3o, de modo que sua obriga\u00e7\u00e3o de pagar mant\u00e9m-se v\u00e1lida e eficaz, independentemente de o ALUNO ter optado por n\u00e3o fazer ou tenha sido impossibilitado de assistir \u00e0s aulas e exercer outros direitos inerentes ao curso, por raz\u00f5es que n\u00e3o sejam imputadas ao IBICM.<\/p>\n<p>6.7.\u00a0\u00a0\u00a0\u00a0 O ALUNO que, por algum motivo especial for beneficiado com descontos, perder\u00e1 este desconto se deixar de pagar a mensalidade no respectivo dia do vencimento.<\/p>\n<h4><strong>CL\u00c1USULA S\u00c9TIMA &#8211; DA GEST\u00c3O COMERCIAL<\/strong><\/h4>\n<p>7.1.\u00a0\u00a0\u00a0\u00a0 Caber\u00e1, EXCLUSIVAMENTE, ao IBICM definir a sua gest\u00e3o comercial e os seus crit\u00e9rios para concess\u00e3o de descontos e modalidades de pagamentos.<\/p>\n<p>7.2.\u00a0\u00a0\u00a0\u00a0 O ALUNO declara ter plena ci\u00eancia que, dependendo do per\u00edodo em que seja firmada a contrata\u00e7\u00e3o do curso, o IBICM reserva-se no direito de alterar, a seu exclusivo crit\u00e9rio, os pre\u00e7os e custos constantes na tabela global de pre\u00e7os, disponibilizando os novos valores, bem como os valores praticados poder\u00e3o ser diferenciados de outras oportunidades, tais como eventuais promo\u00e7\u00f5es realizadas em outros per\u00edodos.<\/p>\n<p><strong>\u00a0<\/strong>7.3.\u00a0\u00a0\u00a0\u00a0 N\u00e3o haver\u00e1 devolu\u00e7\u00e3o de valores, ainda que o ALUNO n\u00e3o tenha acessado as aulas. A devolu\u00e7\u00e3o de valores ocorrer\u00e1 somente no caso da falta da presta\u00e7\u00e3o de servi\u00e7os por parte do IBICM.<\/p>\n<p>7.4.\u00a0\u00a0\u00a0\u00a0 A falta de frequ\u00eancia \u00e0s aulas do curso IBICM, por n\u00e3o acesso ao sistema online pelo ALUNO n\u00e3o o exime do pagamento do curso e demais condi\u00e7\u00f5es aplic\u00e1veis ao CONTRATO.<\/p>\n<p>7.5. O ALUNO tem a faculdade de requerer o cancelamento da presente contrata\u00e7\u00e3o, no prazo de 7 (sete) dias a contar do pagamento. Os valores eventualmente pagos com esta contrata\u00e7\u00e3o ser\u00e3o devolvidos ap\u00f3s os descontos das taxas administrativas e valor proporcional das aulas assistidas.<\/p>\n<p>7.6. Ap\u00f3s o prazo mencionado no item anterior, ser\u00e1 descontado o valor proporcional das aulas assistidas, bem como incidir\u00e1 multa rescis\u00f3ria de 25% (vinte e cinco por cento).<\/p>\n<p>7.7. O ALUNO dever\u00e1 solicitar a desist\u00eancia da contrata\u00e7\u00e3o ou rescis\u00e3o do CONTRATO atrav\u00e9s de e-mail: secretaria@instituto.org.br.<\/p>\n<h4><strong>CL\u00c1USULA OITAVA &#8211; DO SIGILO E DA CONFIDENCIALIDADE<\/strong><\/h4>\n<p>8.1.\u00a0\u00a0\u00a0\u00a0 O ALUNO n\u00e3o pode reproduzir, sob qualquer forma, o material did\u00e1tico fornecido pelo curso, sob pena de responder, civil e criminalmente, perante o IBICM e terceiros, nos termos da Lei n\u00b0 9.609, de 19 de fevereiro de 1998, por viola\u00e7\u00e3o da propriedade intelectual, devendo a sua utiliza\u00e7\u00e3o ser feita exclusivamente em \u00e2mbito privado e para os fins previstos no presente instrumento;<\/p>\n<p>8.2.\u00a0\u00a0\u00a0\u00a0 O ALUNO\u00a0 deve seguir os padr\u00f5es de conduta estabelecidos e vigentes na Internet, abstendo-se de: (i) violar a privacidade de outros usu\u00e1rios; (ii) permitir que outras pessoas utilizem seu acesso ao Ambiente Virtual de Aprendizagem; (iii) utilizar qualquer t\u00e9cnica de invas\u00e3o ao site que viole a seguran\u00e7a do Ambiente Virtual de Aprendizagem e de sites relacionados; (iv) agir conscientemente para destruir arquivos ou programas do Ambiente Virtual de Aprendizagem e de sites relacionados; (v) utilizar os nomes e e-mails dos participantes do curso para fins comerciais; (vi) enviar mensagens que possam ser consideradas impr\u00f3prias e fora dos padr\u00f5es \u00e9ticos e de bons costumes; etc.<\/p>\n<p>8.3.\u00a0\u00a0\u00a0\u00a0 O ALUNO se responsabiliza pelos preju\u00edzos que vier a causar ao IBICM ou a terceiros, em decorr\u00eancia de atos que causem danos materiais, pessoais, morais, de uso de imagem, de uso indevido de material did\u00e1tico (direitos autorais) e outros, inclusive nos termos do art. 186 do CC.<\/p>\n<h4><strong>CL\u00c1USULA NONA &#8211; DA POL\u00cdTICA DE PRIVACIDADE DE DADOS E LGPD<\/strong><\/h4>\n<p>9.1\u00a0\u00a0\u00a0\u00a0\u00a0 A Pol\u00edtica de Privacidade do IBICM e demais documentos relacionados ao tema est\u00e3o dispon\u00edveis em seu site para download e consulta.<\/p>\n<p>9.2. \u00a0\u00a0\u00a0 Todas as condutas do ALUNO e do IBICM dever\u00e3o estar vinculadas ao cumprimento das obriga\u00e7\u00f5es da seguran\u00e7a dos dados e informa\u00e7\u00f5es, contidas na Lei Geral de Prote\u00e7\u00e3o de Dados \u2013 LGPD \u2013 (Lei n\u00ba 13.709, de 14 de agosto de 2018), devendo agir com a confidencialidade requerida no tratamento dos dados coletados, aplic\u00e1veis \u00e0 mat\u00e9ria de prote\u00e7\u00e3o de Dados Pessoais, encampando na responsabilidade por qualquer viola\u00e7\u00e3o, conforme as orienta\u00e7\u00f5es da LGPD.<\/p>\n<h4><strong>CL\u00c1USULA D\u00c9CIMA &#8211; DAS DISPOSI\u00c7\u00d5ES FINAIS<\/strong><\/h4>\n<p>10.1.\u00a0\u00a0 O ALUNO assume total responsabilidade quanto \u00e0s declara\u00e7\u00f5es prestadas para a celebra\u00e7\u00e3o do presente CONTRATO eletr\u00f4nico, especialmente com rela\u00e7\u00e3o \u00e0 sua identifica\u00e7\u00e3o; dados cadastrais; assun\u00e7\u00e3o das obriga\u00e7\u00f5es ora convencionadas; aptid\u00e3o legal para cumprimento do Curso, concordando, desde j\u00e1, que a n\u00e3o entrega dos documentos legais comprobat\u00f3rios das declara\u00e7\u00f5es prestadas, poder\u00e1 acarretar o a extin\u00e7\u00e3o do deste CONTRATO, isentando o IBICM de qualquer responsabilidade pelos eventuais danos resultantes do cancelamento.<\/p>\n<p>10.2. \u00a0 \u00c9 facultado ao IBICM proceder a adequa\u00e7\u00f5es em sua plataforma de sistemas visando o acompanhamento das evolu\u00e7\u00f5es tecnol\u00f3gicas relacionadas ao servi\u00e7o prestado e a garantia da sua qualidade, sendo que nessa hip\u00f3tese o ALUNO ser\u00e1 comunicado das referidas evolu\u00e7\u00f5es.<\/p>\n<p>10.3. \u00a0 O IBICM n\u00e3o se responsabiliza por qualquer tipo de dano, preju\u00edzo ou qualquer outro problema decorrente do uso, inabilidade de uso ou defeitos dos programas de computador ou sistemas de tecnologia do ALUNO.<\/p>\n<h4><strong>CL\u00c1USULA D\u00c9CIMA PRIMEIRA &#8211; DA RESOLU\u00c7\u00c3O DE CONFLITOS<\/strong><\/h4>\n<p>11.1.\u00a0\u00a0 Qualquer conflito de interesse entre ALUNO e IBICM n\u00e3o interromper\u00e1 os direitos e obriga\u00e7\u00f5es rec\u00edprocas ora aven\u00e7ados, at\u00e9 advento de decis\u00e3o irrecorr\u00edvel.<\/p>\n<p>11.2.\u00a0\u00a0 As quest\u00f5es porventura oriundas do presente CONTRATO devem ser, preliminarmente, resolvidas em comum acordo pelas PARTES e, na impossibilidade disso, fica eleito o foro da Comarca de Vila Velha\/ES, com ren\u00fancia de qualquer outro, por mais privilegiado possa ser para a solu\u00e7\u00e3o dos conflitos que por ventura possam surgir.<\/p>\n<p>E, por estarem assim ajustados, as partes declaram que leram todo o teor do CONTRATO e est\u00e3o de pleno acordo.<\/p>\n<p><strong>\u00a0<\/strong><strong>INSTITUTO B\u00cdBLICO DA IGREJA CRIST\u00c3 MARANATA<\/strong><\/p>\n","protected":false},"excerpt":{"rendered":"<p>Pelo presente CONTRATO DE PRESTA\u00c7\u00c3O DE SERVI\u00c7OS EDUCACIONAIS NA MODALIDADE DE ENSINO A\u0300 DISTA\u0302NCIA, as partes subscritadas abaixo acordam para defini\u00e7\u00e3o dos crit\u00e9rios e cl\u00e1usulas a seguir, de um lado:&#8230;<\/p>\n","protected":false},"author":1,"featured_media":0,"parent":0,"menu_order":0,"comment_status":"closed","ping_status":"closed","template":"","meta":{"footnotes":""},"class_list":["post-6891","page","type-page","status-publish","hentry"],"_links":{"self":[{"href":"https:\/\/institutoicm.com.br\/ensino\/wp-json\/wp\/v2\/pages\/6891","targetHints":{"allow":["GET"]}}],"collection":[{"href":"https:\/\/institutoicm.com.br\/ensino\/wp-json\/wp\/v2\/pages"}],"about":[{"href":"https:\/\/institutoicm.com.br\/ensino\/wp-json\/wp\/v2\/types\/page"}],"author":[{"embeddable":true,"href":"https:\/\/institutoicm.com.br\/ensino\/wp-json\/wp\/v2\/users\/1"}],"replies":[{"embeddable":true,"href":"https:\/\/institutoicm.com.br\/ensino\/wp-json\/wp\/v2\/comments?post=6891"}],"version-history":[{"count":5,"href":"https:\/\/institutoicm.com.br\/ensino\/wp-json\/wp\/v2\/pages\/6891\/revisions"}],"predecessor-version":[{"id":6893,"href":"https:\/\/institutoicm.com.br\/ensino\/wp-json\/wp\/v2\/pages\/6891\/revisions\/6893"}],"wp:attachment":[{"href":"https:\/\/institutoicm.com.br\/ensino\/wp-json\/wp\/v2\/media?parent=6891"}],"curies":[{"name":"wp","href":"https:\/\/api.w.org\/{rel}","templated":true}]}}