{"id":3,"date":"2021-06-20T09:56:19","date_gmt":"2021-06-20T12:56:19","guid":{"rendered":"https:\/\/institutoicm.com.br\/ensino\/?page_id=3"},"modified":"2021-06-20T23:14:52","modified_gmt":"2021-06-21T02:14:52","slug":"politica-de-privacidade","status":"publish","type":"page","link":"https:\/\/institutoicm.com.br\/ensino\/politica-de-privacidade\/","title":{"rendered":"Pol\u00edtica de privacidade"},"content":{"rendered":"\r\n<h2 class=\"wp-block-heading\"><strong>ITEM I. \u00a0CONSIDERA\u00c7\u00d5ES INICIAIS<\/strong><\/h2>\r\n<p><strong>1.1.<\/strong> Inicialmente, ressalta-se que os dados pessoais dos usu\u00e1rios do Portal ser\u00e3o usados apenas para aprimorar a experi\u00eancia de uso na plataforma de ensino do Instituto B\u00edblico da Igreja Crist\u00e3 Maranata &#8211; IBICM. O objetivo principal do Instituto \u00e9 oferecer uma interface simples e intuitiva para que o usu\u00e1rio possa manter o foco e se dedicar o m\u00e1ximo poss\u00edvel aos ensinamentos e servi\u00e7os oferecidos pelo IBICM.<\/p>\r\n<p><strong>1.2.<\/strong> Por outro lado, o IBICM compreende que o usu\u00e1rio valoriza prioritariamente a sua privacidade, e deste modo quer tornar a sua experi\u00eancia mais segura e satisfat\u00f3ria.<\/p>\r\n<p><strong>1.3.<\/strong> O Portal do IBICM cont\u00e9m, em um dos seus servi\u00e7os oferecidos, uma plataforma de Ensino \u00e0 Dist\u00e2ncia &#8211; EaD, que oferece um sistema completo, com metodologia pr\u00f3pria, bem como com t\u00e9cnicas criadas especificamente para ampliar o conhecimento dos usu\u00e1rios, tendo como foco principal o conhecimento da Palavra de Deus.<\/p>\r\n<h2><strong>ITEM II. DA COLETA DE INFORMA\u00c7\u00d5ES<\/strong><\/h2>\r\n<p><strong>2.1.<\/strong> O IBICM garante o uso de mecanismos e t\u00e9cnicas para preservar a confidencialidade dos dados pessoais dos usu\u00e1rios ao acessar o Portal, bem como aos cadastrados e matriculados no Portal IBICM &#8211; EaD.<\/p>\r\n<p>2.2. Todas as informa\u00e7\u00f5es pessoais colhidas, incluindo nome, e-mail, n\u00famero de telefone, moradia, data de nascimento, CPF, RG e\/ou outros, s\u00e3o rigorosamente tratadas, conforme o Termo de Uso, Pol\u00edtica de Privacidade do IBICM e em concord\u00e2ncia com a Lei Geral de Prote\u00e7\u00e3o de Dados, n\u00ba 13.709, de 14 de agosto de 2018.<\/p>\r\n<p><strong>2.2.<\/strong> O usu\u00e1rio \u00e9 respons\u00e1vel pelos dados e declara\u00e7\u00f5es prestadas ao IBICM, sendo que responder\u00e1 por qualquer san\u00e7\u00e3o por conta da falsidade ideol\u00f3gica e\/ou preju\u00edzos advindos destas informa\u00e7\u00f5es alegadas. Para tanto, \u00e9 necess\u00e1rio que o usu\u00e1rio se certifique das corretas informa\u00e7\u00f5es prestadas nos formul\u00e1rios eletr\u00f4nicos disponibilizados no Portal.<\/p>\r\n<p><strong>2.3.<\/strong> O cadastro no Portal IBICM &#8211; EaD pressup\u00f5e a aceita\u00e7\u00e3o deste Acordo de privacidade.<\/p>\r\n<p>2.4. O IBICM se reserva no direito de alterar, sempre que for preciso, a sua Pol\u00edtica de Privacidade, Termo de Uso e demais regulamentos, no intuito de se adaptar \u00e0s expectativas dos usu\u00e1rios, bem como \u00e0s novas atualiza\u00e7\u00f5es legais. Em havendo a devida atualiza\u00e7\u00e3o, o Portal realizar\u00e1 a mudan\u00e7a imediata no Portal, tendo a liberdade de notificar aos usu\u00e1rios das respectivas mudan\u00e7as, quando necess\u00e1rio, inclusive na forma de tratamento dos dados pessoais, conforme disp\u00f5e a lei.<\/p>\r\n<p><strong>2.4.<\/strong> O IBICM poder\u00e1 divulgar a quantidade de downloads e uploads realizados, bem como a quantidade de acessos ao Portal, como forma de pesquisa e estat\u00edstica, sendo vedado qualquer divulga\u00e7\u00e3o quanto \u00e0s informa\u00e7\u00f5es pessoais dos usu\u00e1rios, salvo autoriza\u00e7\u00e3o explicita.<\/p>\r\n<h2><strong>ITEM III. DA UTILIZA\u00c7\u00c3O DOS DADOS<\/strong><\/h2>\r\n<p><strong>3.1.<\/strong> Utiliza-se os dados, al\u00e9m do endere\u00e7o de IP, tanto gen\u00e9ricos como pessoais, com vistas a melhorar cada vez mais a experi\u00eancia de aprendizado dos usu\u00e1rios do Portal IBICM \u2013 EaD. N\u00e3o ser\u00e3o compartilhadas quaisquer informa\u00e7\u00f5es pessoais dos usu\u00e1rios com anunciantes ou parceiros. Os dados que compartilhamos \u00e9 de \u00fanica e exclusiva necessidade de opera\u00e7\u00e3o do site www.institutoicm.org.br.<\/p>\r\n<p><strong>3.2.<\/strong> Para a preserva\u00e7\u00e3o segura das informa\u00e7\u00f5es dos usu\u00e1rios, o Portal IBICM adotar\u00e1 sempre os mais elevados n\u00edveis de seguran\u00e7a de prote\u00e7\u00e3o de dados baseados nas pr\u00e1ticas adotadas pelo mercado, tomando as devidas medidas en\u00e9rgicas para evitar a perda, mau uso, altera\u00e7\u00e3o, acesso n\u00e3o autorizado, bem como qualquer subtra\u00e7\u00e3o indevida dos seus dados pessoais.<\/p>\r\n<h2><strong>ITEM IV.\u00a0 DOS COOKIES<\/strong><\/h2>\r\n<p><strong>4.1.<\/strong> O Cookie \u00e9 uma pequena quantidade de dados, que pode ser enviada ao navegador padr\u00e3o a partir de um website, com intento de recolher informa\u00e7\u00f5es de estat\u00edsticas e pesquisas, e armazenado no computador do usu\u00e1rio. Desta forma, quando o usu\u00e1rio optar por permanecer logado ao site, ap\u00f3s fechar o navegador, a IBICM &#8211; EaD se utilizar\u00e1 de um cookie para este procedimento. Salienta-se que as informa\u00e7\u00f5es ser\u00e3o sempre tratadas com sigilo, e nenhuma informa\u00e7\u00e3o ser\u00e1 utilizada ou transmitidas a terceiros, nem parceiros.<\/p>\r\n<p><strong>4.2.<\/strong> Com isso, todas as informa\u00e7\u00f5es de acesso compartilhadas pelo usu\u00e1rio e armazenadas por meio de \u2018Identificadores An\u00f4nimos\u2019 ou de \u2018cookies\u2019 ser\u00e3o utilizadas com o intuito de aperfei\u00e7oar o Portal IBICM &#8211; EaD e os servi\u00e7os de acordo com as suas escolhas de navega\u00e7\u00e3o, bem como para gerar dados estat\u00edsticos gerais com finalidade informativa e comercial.<\/p>\r\n<p><strong>4.3.<\/strong> Em adi\u00e7\u00e3o, tamb\u00e9m poder\u00e3o ser utilizados cookies ou pop\u2019up de publicidade de terceiros, no Portal da IBICM, para suportar os custos de manuten\u00e7\u00e3o. Alguns destes publicit\u00e1rios, poder\u00e3o se utilizar de tecnologias como os cookies e\/ou web beacons, quando da realiza\u00e7\u00e3o destas postagens no Portal IBICM &#8211; EaD, o que far\u00e1 com que esses publicit\u00e1rios tamb\u00e9m recebam a informa\u00e7\u00e3o pessoal do usu\u00e1rio, como o endere\u00e7o IP, o seu ISP, o seu browser, etc. Verifica-se que esta fun\u00e7\u00e3o \u00e9 geralmente utilizada para geotargeting ou apresentar publicidade direcionada a um tipo de utilizador espec\u00edfico.<\/p>\r\n<p><strong>4.4.<\/strong> Para tanto, o usu\u00e1rio det\u00e9m o total poder de desligar e inabilitar os Cookies, nas op\u00e7\u00f5es do seu browser, al\u00e9m de realizar a navega\u00e7\u00e3o an\u00f4nima ou efetuar altera\u00e7\u00f5es nas ferramentas de programas Antiv\u00edrus. No entanto, isso poder\u00e1 alterar a forma de intera\u00e7\u00e3o com o Portal IBICM e alguns servi\u00e7os poder\u00e3o ser significativamente prejudicados em sua abertura.<\/p>\r\n<h2><strong>ITEM V. DA SEGURAN\u00c7A DAS INFORMA\u00c7\u00d5ES PESSOAIS<\/strong><\/h2>\r\n<p><strong>5.1.<\/strong> Apesar do fato de que nenhum procedimento pela internet \u00e9 100% seguro, o IBICM adota medidas de seguran\u00e7a para proteger e minimizar qualquer exposi\u00e7\u00e3o das informa\u00e7\u00f5es pessoais dos usu\u00e1rios na internet, e informa que trabalha dia-a-dia para melhorar os sistemas utilizados.<\/p>\r\n<h2><strong>ITEM VI. DO COMPARTILHAMENTO DE INFORMA\u00c7\u00d5ES<\/strong><\/h2>\r\n<p><strong>6.1.<\/strong> Ao utilizar este sistema ou fornecer informa\u00e7\u00f5es pessoais para o Portal IBICM &#8211; EaD, o usu\u00e1rio fica ciente que o Instituto poder\u00e1 comunicar com o titular, por qualquer meio dispon\u00edvel, para os fins e objetivos da IBICM, acrescentando quest\u00f5es de privacidade, assuntos administrativos e relacionados ao Portal. Em todo o processo de comunica\u00e7\u00e3o \u00e9 considerada a Pol\u00edtica de Privacidade e Termos de Uso do Portal IBICM \u2013 EaD.<\/p>\r\n<p><strong>6.2. <\/strong>O usu\u00e1rio poder\u00e1 solicitar a exclus\u00e3o dos seus dados e solicitar a remo\u00e7\u00e3o imediata de qualquer dado pessoal, armazenado no banco de dados do IBICM. A exclus\u00e3o dos dados n\u00e3o inclui dados que o IBICM \u00e9 obrigado a manter para prop\u00f3sitos administrativos, legais ou de seguran\u00e7a.<\/p>\r\n<p><strong>6.3. <\/strong>Ao clicar nos bot\u00f5es de compartilhamento de conte\u00fado nas m\u00eddias sociais dispon\u00edveis nas p\u00e1ginas do Portal IBICM \u2013 EaD, o usu\u00e1rio estar\u00e1 realizando publica\u00e7\u00f5es de mat\u00e9rias e conte\u00fados por interm\u00e9dio do seu pr\u00f3prio perfil de matr\u00edcula, no respectivo Portal.<\/p>\r\n<h2><strong>ITEM VII. DOS QUESTIONAMENTOS<\/strong><\/h2>\r\n<p>8.1. Qualquer solicita\u00e7\u00e3o adicional sobre nossa pol\u00edtica de privacidade dever\u00e1 ser endere\u00e7ado para <a href=\"mailto:ouvidoria@localhost\">ouvidoria@localhost<\/a>.<\/p>\r\n<h2><strong>ITEM VIII. DOS LINKS<\/strong><\/h2>\r\n<p><strong>9.1. <\/strong>O Portal IBICM &#8211; EaD poder\u00e1 se utilizar de links para outros s\u00edtios, entretanto o Portal IBICM &#8211; EaD n\u00e3o controla e nem gerencia as Pol\u00edticas de Privacidade e regulamentos nos sites de terceiros. Recomenda-se, impreterivelmente, que o usu\u00e1rio analise os devidos Termos de Uso e Pol\u00edticas de Privacidade, bem como toda e qualquer orienta\u00e7\u00e3o destes outros sites, antes da realiza\u00e7\u00e3o de qualquer cadastro.<\/p>\r\n<p><strong>INSTITUTO B\u00cdBLICO DA IGREJA CRIST\u00c3 MARANATA<\/strong><\/p>\r\n<p>&nbsp;<\/p>\r\n","protected":false},"excerpt":{"rendered":"<p>ITEM I. \u00a0CONSIDERA\u00c7\u00d5ES INICIAIS 1.1. Inicialmente, ressalta-se que os dados pessoais dos usu\u00e1rios do Portal ser\u00e3o usados apenas para aprimorar a experi\u00eancia de uso na plataforma de ensino do Instituto&#8230;<\/p>\n","protected":false},"author":1,"featured_media":0,"parent":0,"menu_order":0,"comment_status":"closed","ping_status":"open","template":"","meta":{"footnotes":""},"class_list":["post-3","page","type-page","status-publish","hentry"],"_links":{"self":[{"href":"https:\/\/institutoicm.com.br\/ensino\/wp-json\/wp\/v2\/pages\/3","targetHints":{"allow":["GET"]}}],"collection":[{"href":"https:\/\/institutoicm.com.br\/ensino\/wp-json\/wp\/v2\/pages"}],"about":[{"href":"https:\/\/institutoicm.com.br\/ensino\/wp-json\/wp\/v2\/types\/page"}],"author":[{"embeddable":true,"href":"https:\/\/institutoicm.com.br\/ensino\/wp-json\/wp\/v2\/users\/1"}],"replies":[{"embeddable":true,"href":"https:\/\/institutoicm.com.br\/ensino\/wp-json\/wp\/v2\/comments?post=3"}],"version-history":[{"count":1,"href":"https:\/\/institutoicm.com.br\/ensino\/wp-json\/wp\/v2\/pages\/3\/revisions"}],"predecessor-version":[{"id":6745,"href":"https:\/\/institutoicm.com.br\/ensino\/wp-json\/wp\/v2\/pages\/3\/revisions\/6745"}],"wp:attachment":[{"href":"https:\/\/institutoicm.com.br\/ensino\/wp-json\/wp\/v2\/media?parent=3"}],"curies":[{"name":"wp","href":"https:\/\/api.w.org\/{rel}","templated":true}]}}