{"id":23,"date":"2021-06-20T13:54:29","date_gmt":"2021-06-20T16:54:29","guid":{"rendered":"https:\/\/institutoicm.com.br\/ensino\/lp-term-conditions\/"},"modified":"2021-06-20T23:13:45","modified_gmt":"2021-06-21T02:13:45","slug":"termos-e-condicoes","status":"publish","type":"page","link":"https:\/\/institutoicm.com.br\/ensino\/termos-e-condicoes\/","title":{"rendered":"Termos e Condi\u00e7\u00f5es"},"content":{"rendered":"<p>Bem-vindo ao Portal do Instituto B\u00edblico da Igreja Crist\u00e3 Maranata (IBICM).<\/p>\n<p>Este Termo regulamenta o uso deste Portal, al\u00e9m de dispor sobre servi\u00e7os e cursos oferecidos e disponibilizados pelo Instituto B\u00edblico da Igreja Crist\u00e3 Maranata, pessoa jur\u00eddica com sede \u00e0 Rua Torquato Laranja, 92, Vila Velha, Esp\u00edrito Santo, inscrita no CNPJ\/ME sob o n\u00famero 23.542.243\/0001-57.<\/p>\n<p>O uso deste site implica na aceita\u00e7\u00e3o integral e plena deste Termo e da Pol\u00edtica de Privacidade contida no Portal. Por isso, recomendamos que o usu\u00e1rio leia, concorde e aceite as condi\u00e7\u00f5es e demais pol\u00edticas estabelecidas neste Termo.<\/p>\n<p>\u00c9 importante salientar que o Portal do IBICM se utilizar\u00e1 de outros termos, avisos e regulamenta\u00e7\u00f5es que venham a tratar de novas mudan\u00e7as para beneficiar a forma de utiliza\u00e7\u00e3o do site, com vistas a se manter dentro dos par\u00e2metros legais. Para tanto, \u00e9 indispens\u00e1vel que o usu\u00e1rio se mantenha atualizado nas informa\u00e7\u00f5es do Portal.<\/p>\n<ol>\n<li><strong> Quanto \u00e0s condi\u00e7\u00f5es de acesso e utiliza\u00e7\u00e3o<\/strong><\/li>\n<\/ol>\n<p>O Portal IBICM n\u00e3o requer a realiza\u00e7\u00e3o de cadastro para a navega\u00e7\u00e3o no s\u00edtio. O usu\u00e1rio poder\u00e1 ter acesso ao Portal por meio de qualquer aparelho e\/ou dispositivo fixo ou m\u00f3vel, desde que este tenha acesso \u00e0 internet e possua a tecnologia necess\u00e1ria. Alguns dos servi\u00e7os oferecidos pelo IBICM necessitar\u00e3o de login e senha para acesso.<\/p>\n<p>Em caso de mau uso do Portal, em evidente infra\u00e7\u00e3o das leis pertinentes, bem como das disposi\u00e7\u00f5es deste Termo de Uso ou da Pol\u00edtica de Privacidade, o IBICM poder\u00e1 suspender e\/ou interromper os servi\u00e7os prestados ao usu\u00e1rio.<\/p>\n<p>O uso do Portal IBICM n\u00e3o d\u00e1 qualquer permiss\u00e3o ao usu\u00e1rio de reproduzir, copiar, distribuir, permitir o acesso p\u00fablico, transformar e\/ou modificar os conte\u00fados deste, a n\u00e3o ser com pr\u00e9via autoriza\u00e7\u00e3o do titular dos correspondentes direitos ou que o fa\u00e7a com a devida permiss\u00e3o legal. Frisa-se, contudo, que n\u00e3o h\u00e1 transfer\u00eancia dos direitos de propriedade intelectual dos conte\u00fados extra\u00eddos do Portal.<\/p>\n<ol start=\"2\">\n<li><strong> Quanto \u00e0s responsabilidades<\/strong><\/li>\n<\/ol>\n<p>Quaisquer interrup\u00e7\u00f5es na presta\u00e7\u00e3o destes servi\u00e7os, em raz\u00e3o de ocorr\u00eancias t\u00e9cnicas, operacionais ou imprevis\u00edveis em raz\u00e3o da natureza do servi\u00e7o oferecido, ser\u00e3o solucionadas de maneira c\u00e9lere e efetiva poss\u00edvel.<\/p>\n<p>O Portal possui \u201clinks de acesso\u201d, tais como banners, bot\u00f5es e imagens que redirecionam os usu\u00e1rios a p\u00e1ginas de outras institui\u00e7\u00f5es. Ao selecionar e clicar nestes links, o usu\u00e1rio ser\u00e1 direcionado a p\u00e1ginas externas e que n\u00e3o s\u00e3o de titularidade do IBICM, motivo pelo qual n\u00e3o garantimos nem assumimos qualquer tipo de responsabilidade pelos danos e preju\u00edzos de qualquer natureza que possam decorrer do acesso a estas p\u00e1ginas ou dos conte\u00fados ali disponibilizados.<\/p>\n<ol start=\"3\">\n<li><strong> Quanto a seguran\u00e7a<\/strong><\/li>\n<\/ol>\n<p>A postura do IBICM \u00e9 ativa quanto ao quesito seguran\u00e7a, sigilo e inviolabilidade quanto aos conte\u00fados expostos pelo Portal. Assim, os usu\u00e1rios devem estar cientes que as medidas de seguran\u00e7a na Internet n\u00e3o s\u00e3o infal\u00edveis, principalmente em raz\u00e3o da r\u00e1pida evolu\u00e7\u00e3o do ambiente virtual. Deste modo, o IBICM n\u00e3o se responsabiliza por danos e\/ou preju\u00edzos decorrentes de caso fortuito ou for\u00e7a maior.<\/p>\n<ol start=\"4\">\n<li><strong> Uso indevido do portal IBICM<\/strong><\/li>\n<\/ol>\n<p>O IBICM se reserva o direito de remover, sob seu exclusivo crit\u00e9rio, sempre que possuir condi\u00e7\u00f5es t\u00e9cnicas para tanto e a qualquer momento, todo conte\u00fado ofensivo, contr\u00e1rio \u00e0 Lei, a este Termo e \u00e0 Pol\u00edtica de Privacidade, independente da anu\u00eancia do usu\u00e1rio ou terceiro que o publicou.<\/p>\n<ol start=\"5\">\n<li><strong> Quanto \u00e0 dura\u00e7\u00e3o da presta\u00e7\u00e3o de servi\u00e7os<\/strong><\/li>\n<\/ol>\n<p>O Portal, juntamente com todo os servi\u00e7os oferecidos pelo site, goza de dura\u00e7\u00e3o indeterminada tornando facultativo ao IBICM extingui-los, suspend\u00ea-los ou interromp\u00ea-los a qualquer momento.<\/p>\n<ol start=\"6\">\n<li><strong> Da Resolu\u00e7\u00e3o de Conflitos e Elei\u00e7\u00e3o do Foro<\/strong><\/li>\n<\/ol>\n<p>As quest\u00f5es porventura oriundas do presente Termo devem ser, preliminarmente, resolvidas em comum acordo pelas PARTES e, na impossibilidade disso, fica eleito o foro da Comarca de Vila Velha\/ES, com ren\u00fancia de qualquer outro, por mais privilegiado possa ser para a solu\u00e7\u00e3o dos conflitos que por ventura possam surgir. E, por estarem assim ajustados, as partes declaram que leram todo o teor do Termo e est\u00e3o de pleno acordo.<\/p>\n<p>Para qualquer sugest\u00e3o ou proposta de colabora\u00e7\u00e3o, escreva ao endere\u00e7o <strong>secretarial@localhost<\/strong><\/p>\n<p><strong>INSTITUTO B\u00cdBLICO DA IGREJA CRIST\u00c3 MARANATA<\/strong><\/p>\n<p>&nbsp;<\/p>\n","protected":false},"excerpt":{"rendered":"<p>Bem-vindo ao Portal do Instituto B\u00edblico da Igreja Crist\u00e3 Maranata (IBICM). Este Termo regulamenta o uso deste Portal, al\u00e9m de dispor sobre servi\u00e7os e cursos oferecidos e disponibilizados pelo Instituto&#8230;<\/p>\n","protected":false},"author":1,"featured_media":0,"parent":0,"menu_order":0,"comment_status":"closed","ping_status":"closed","template":"","meta":{"footnotes":""},"class_list":["post-23","page","type-page","status-publish","hentry"],"_links":{"self":[{"href":"https:\/\/institutoicm.com.br\/ensino\/wp-json\/wp\/v2\/pages\/23","targetHints":{"allow":["GET"]}}],"collection":[{"href":"https:\/\/institutoicm.com.br\/ensino\/wp-json\/wp\/v2\/pages"}],"about":[{"href":"https:\/\/institutoicm.com.br\/ensino\/wp-json\/wp\/v2\/types\/page"}],"author":[{"embeddable":true,"href":"https:\/\/institutoicm.com.br\/ensino\/wp-json\/wp\/v2\/users\/1"}],"replies":[{"embeddable":true,"href":"https:\/\/institutoicm.com.br\/ensino\/wp-json\/wp\/v2\/comments?post=23"}],"version-history":[{"count":2,"href":"https:\/\/institutoicm.com.br\/ensino\/wp-json\/wp\/v2\/pages\/23\/revisions"}],"predecessor-version":[{"id":6744,"href":"https:\/\/institutoicm.com.br\/ensino\/wp-json\/wp\/v2\/pages\/23\/revisions\/6744"}],"wp:attachment":[{"href":"https:\/\/institutoicm.com.br\/ensino\/wp-json\/wp\/v2\/media?parent=23"}],"curies":[{"name":"wp","href":"https:\/\/api.w.org\/{rel}","templated":true}]}}